{"id":51,"date":"2022-05-26T09:52:17","date_gmt":"2022-05-26T09:52:17","guid":{"rendered":"https:\/\/vois.erasmus.site\/?page_id=51"},"modified":"2024-05-07T08:37:35","modified_gmt":"2024-05-07T08:37:35","slug":"results","status":"publish","type":"page","link":"https:\/\/vois.erasmus.site\/de\/results\/","title":{"rendered":"Ergebnisse"},"content":{"rendered":"<p>Die Projektziele werden durch die Entwicklung eines Hauptergebnisses erreicht<\/p>\n<p><strong><a class=\"custom-button\" href=\"https:\/\/vois.erasmus.site\/platform\/\" target=\"_blank\" rel=\"noopener\">Virtual Open Innovation Environment<\/a><\/strong> ist eine komplexe Plattform, die Werkzeuge f\u00fcr den Aufbau professioneller Open-Innovation-Kompetenz bei Managern in der Agrar- und Ern\u00e4hrungswirtschaft sowie in der Bio\u00f6konomie integriert und direkt auf den Bedarf an handlungsorientierter Kompetenzentwicklung abzielt. Sie bietet eine L\u00f6sung aus einer Hand mit 3 spezifischen Bereichen, die verschiedene Aspekte der Vorbereitung auf die Herausforderungen der offenen Innovation ansprechen:<\/p>\n<p>&#8211; Bereich 1: Kompetenzentwicklung f\u00fcr Open Innovation in Unternehmen mit Schwerpunkt auf Open-Innovation-Strategien\/Methoden f\u00fcr KMU und der Bef\u00e4higung der Teilnehmer, diese in ihren Unternehmen zu entwickeln und umzusetzen.<\/p>\n<p><a class=\"btn btn-primary\" href=\"https:\/\/vois.erasmus.site\/platform\/modules\/1\/\">Offen<\/a><\/p>\n<p>&#8211; Bereich 2: Entwicklung von Managern mit Schwerpunkt auf der Entwicklung individueller Open-Innovation-Kompetenzen, die f\u00fcr das Management von Aktivit\u00e4ten im Bereich der offenen Innovation erforderlich sind<\/p>\n<p><a class=\"btn btn-primary\" href=\"https:\/\/vois.erasmus.site\/platform\/modules\/2\/\">Offen<\/a><\/p>\n<p>&#8211; Bereich 3: Open Innovation Repository &#8211; eine Datenbank \u00fcber bereits verf\u00fcgbare Open Innovation-Tools und Unterst\u00fctzungsma\u00dfnahmen f\u00fcr KMU. Sie deckt den Zielsektor in allen beteiligten L\u00e4ndern und auf EU-Ebene ab. &#8220;<\/p>\n<p><a class=\"btn btn-primary\" href=\"https:\/\/vois.erasmus.site\/platform\/repository\">Offen<\/a><\/p>","protected":false},"excerpt":{"rendered":"<p>Die Projektziele werden durch die Entwicklung eines Hauptergebnisses erreicht Virtual Open Innovation Environment ist eine komplexe Plattform, die Werkzeuge f\u00fcr den Aufbau professioneller Open-Innovation-Kompetenz bei Managern in der Agrar- und Ern\u00e4hrungswirtschaft sowie in der Bio\u00f6konomie integriert und direkt auf den Bedarf an handlungsorientierter Kompetenzentwicklung abzielt. Sie bietet eine L\u00f6sung aus einer Hand mit 3 spezifischen&hellip;&nbsp;<a href=\"https:\/\/vois.erasmus.site\/de\/results\/\" rel=\"bookmark\">Weiterlesen &raquo;<span class=\"screen-reader-text\">Ergebnisse<\/span><\/a><\/p>\n","protected":false},"author":1,"featured_media":18,"parent":0,"menu_order":0,"comment_status":"closed","ping_status":"closed","template":"","meta":{"neve_meta_sidebar":"","neve_meta_container":"","neve_meta_enable_content_width":"off","neve_meta_content_width":100,"neve_meta_title_alignment":"","neve_meta_author_avatar":"","neve_post_elements_order":"","neve_meta_disable_header":"","neve_meta_disable_footer":"","neve_meta_disable_title":"","footnotes":""},"class_list":["post-51","page","type-page","status-publish","has-post-thumbnail","hentry"],"_links":{"self":[{"href":"https:\/\/vois.erasmus.site\/de\/wp-json\/wp\/v2\/pages\/51","targetHints":{"allow":["GET"]}}],"collection":[{"href":"https:\/\/vois.erasmus.site\/de\/wp-json\/wp\/v2\/pages"}],"about":[{"href":"https:\/\/vois.erasmus.site\/de\/wp-json\/wp\/v2\/types\/page"}],"author":[{"embeddable":true,"href":"https:\/\/vois.erasmus.site\/de\/wp-json\/wp\/v2\/users\/1"}],"replies":[{"embeddable":true,"href":"https:\/\/vois.erasmus.site\/de\/wp-json\/wp\/v2\/comments?post=51"}],"version-history":[{"count":11,"href":"https:\/\/vois.erasmus.site\/de\/wp-json\/wp\/v2\/pages\/51\/revisions"}],"predecessor-version":[{"id":289,"href":"https:\/\/vois.erasmus.site\/de\/wp-json\/wp\/v2\/pages\/51\/revisions\/289"}],"wp:featuredmedia":[{"embeddable":true,"href":"https:\/\/vois.erasmus.site\/de\/wp-json\/wp\/v2\/media\/18"}],"wp:attachment":[{"href":"https:\/\/vois.erasmus.site\/de\/wp-json\/wp\/v2\/media?parent=51"}],"curies":[{"name":"wp","href":"https:\/\/api.w.org\/{rel}","templated":true}]}}