{"id":56,"date":"2022-05-26T09:55:38","date_gmt":"2022-05-26T09:55:38","guid":{"rendered":"https:\/\/vois.erasmus.site\/?page_id=56"},"modified":"2022-08-28T19:47:26","modified_gmt":"2022-08-28T19:47:26","slug":"partnership","status":"publish","type":"page","link":"https:\/\/vois.erasmus.site\/de\/partnership\/","title":{"rendered":"Partnerschaft"},"content":{"rendered":"<p><\/p>\n<h3 style=\"text-align: center;\"><img fetchpriority=\"high\" decoding=\"async\" class=\"size-medium wp-image-58 aligncenter\" src=\"https:\/\/vois.erasmus.site\/wp-content\/uploads\/2022\/05\/assist-300x300.png\" alt=\"\" width=\"300\" height=\"300\" srcset=\"https:\/\/vois.erasmus.site\/wp-content\/uploads\/2022\/05\/assist.png 300w, https:\/\/vois.erasmus.site\/wp-content\/uploads\/2022\/05\/assist-150x150.png 150w\" sizes=\"(max-width: 300px) 100vw, 300px\" \/><br \/>\nassist Gesellschaft f\u00fcr Unternehmensberatung und Personalentwicklung mbH (assist GmbH)<\/h3>\n<p>Die assist GmbH ist eine mittelst\u00e4ndische GmbH mit Hauptsitz in Paderborn, Mitteldeutschland. Das Unternehmen bietet Trainings in den Bereichen Kommunikationskompetenz, interkulturelle Kompetenz, F\u00fchrungskompetenz sowie Trainerf\u00e4higkeiten an. Ein besonderes Alleinstellungsmerkmal ist, dass die assist GmbH in der Lage ist, Kompetenzentwicklung in einer Vielzahl von Sprachen anzubieten. Die Kundenzielgruppe, auf die sich die assist GmbH konzentriert, sind Unternehmen in ganz Europa, die die F\u00e4higkeiten und Kompetenzen ihrer Teammitglieder entwickeln m\u00f6chten. Die assist GmbH hat Erfahrung in der Entwicklung von Trainingsmaterialien und auch in der Koordination, Implementierung, dem Qualit\u00e4tsmanagement und der Verbreitung von EU-Projekten, was ein wichtiger Faktor in solchen Projekten ist, und war als Partner an vielen strategischen Erasmus+ Projekten beteiligt.<br \/>\nDie assist GmbH unterst\u00fctzt Organisationen bei der Entwicklung ihrer Teammitglieder und F\u00fchrungskr\u00e4fte. Sie verf\u00fcgt \u00fcber langj\u00e4hrige Erfahrung in der Ausbildung von IT-Experten in Kommunikationsthemen: u.a. Kommunikation, Pr\u00e4sentation, Moderation, Konfliktmanagement.<br \/>\nFolglich verf\u00fcgt die assist GmbH \u00fcber ein hohes Ma\u00df an Expertise in der Ausbildung von IT-Personal in den Kernthemen der Kommunikation:<br \/>\n&#8211; Grunds\u00e4tze der Kommunikation<br \/>\n&#8211; Vertrauensbildung<br \/>\n&#8211; Einf\u00fchlsames Zuh\u00f6ren<br \/>\n&#8211; Erfolgreiches Feedback geben und empfangen<br \/>\n&#8211; Motivation durch Kommunikation<br \/>\n&#8211; Powertalking<br \/>\n&#8211; Strategien zur Beeinflussung<br \/>\n&#8211; Konflikte am Arbeitsplatz bew\u00e4ltigen<br \/>\n&#8211; Verhandeln am Arbeitsplatz<br \/>\n&#8211; Der IT-Berater als Trainer<\/p>\n<p>Website: <a href=\"https:\/\/www.international-hr.de\/impressum\/\" target=\"_blank\" rel=\"noopener\">www.international-hr.de\/impressum\/<\/a><\/p>\n<hr \/>\n<h3><img loading=\"lazy\" decoding=\"async\" class=\"wp-image-178 size-medium aligncenter\" src=\"https:\/\/vois.erasmus.site\/wp-content\/uploads\/2022\/08\/heraklion-300x300.png\" alt=\"\" width=\"300\" height=\"300\" srcset=\"https:\/\/vois.erasmus.site\/wp-content\/uploads\/2022\/08\/heraklion.png 300w, https:\/\/vois.erasmus.site\/wp-content\/uploads\/2022\/08\/heraklion-150x150.png 150w, https:\/\/vois.erasmus.site\/wp-content\/uploads\/2022\/08\/heraklion-24x24.png 24w, https:\/\/vois.erasmus.site\/wp-content\/uploads\/2022\/08\/heraklion-36x36.png 36w, https:\/\/vois.erasmus.site\/wp-content\/uploads\/2022\/08\/heraklion-48x48.png 48w\" sizes=\"(max-width: 300px) 100vw, 300px\" \/><\/h3>\n<h3 style=\"text-align: center;\">Heraklion Chamber of Commerce and Industry (HCCI)<\/h3>\n<p>Die Industrie- und Handelskammer von Heraklion ist eine der gr\u00f6\u00dften Handelskammern Griechenlands und die gr\u00f6\u00dfte unabh\u00e4ngige Netzwerk- und Unternehmensf\u00f6rderungsorganisation auf Kreta. Die Industrie- und Handelskammer von Heraklion vertritt die Interessen von ca. 22.000 Mitgliedern aus allen Wirtschaftszweigen und bietet ihren Mitgliedern eine breite Palette praktischer und professioneller Beratungsdienste. Die HCCI ist eine 1918 gegr\u00fcndete \u00f6ffentliche Einrichtung, die keine Subventionen von staatlichen Stellen erh\u00e4lt und sich ausschlie\u00dflich aus den Beitr\u00e4gen und Geb\u00fchren ihrer Mitglieder sowie aus Zusch\u00fcssen der Gemeinschaft finanziert. Die HCCI hat die Aufgabe, die Regierung in Fragen des Handels, der Industrie und anderer f\u00fcr die wirtschaftliche Entwicklung relevanter Themen zu beraten und zu unterst\u00fctzen. Ein vorrangiges Ziel der Industrie- und Handelskammer von Heraklion ist die kontinuierliche Verbesserung der Dienstleistungen, die sie ihren Mitgliedern anbietet, um deren wirtschaftliches Wohlergehen zu f\u00f6rdern.<br \/>\nDie HCCI ist Mitglied in den folgenden internationalen Gremien:<br \/>\nEnterprise Europe Network<br \/>\nInternationale Handelskammer<br \/>\nEuro-Chambers &#8211; Mitglied des Netzwerks der Vereinigung der europ\u00e4ischen Industrie- und Handelskammern (Association of the European Chambers of Commerce and Industry)<br \/>\nInsuleur &#8211; Netzwerk der insularen Industrie- und Handelskammern der Europ\u00e4ischen Union.<br \/>\nArabisch-Hellenische Kammer f\u00fcr Handel und Entwicklung<\/p>\n<p>Website: <a href=\"http:\/\/www.ebeh.gr\" target=\"_blank\" rel=\"noopener\">www.ebeh.gr<\/a><\/p>\n<hr \/>\n<h3 style=\"text-align: center;\"><img decoding=\"async\" class=\"alignnone wp-image-62 size-medium\" src=\"https:\/\/vois.erasmus.site\/wp-content\/uploads\/2022\/05\/hp-300x300.png\" alt=\"\" width=\"300\" height=\"300\" srcset=\"https:\/\/vois.erasmus.site\/wp-content\/uploads\/2022\/05\/hp.png 300w, https:\/\/vois.erasmus.site\/wp-content\/uploads\/2022\/05\/hp-150x150.png 150w\" sizes=\"(max-width: 300px) 100vw, 300px\" \/><br \/>\nHanse-Parlament<\/h3>\n<p>Das Hanse-Parlament ist ein Zusammenschluss von 50 Industrie-, Handels- und Handwerkskammern aus 13 L\u00e4ndern. Die Mitglieder repr\u00e4sentieren mehr als 475.000 KMU im gesamten Ostseeraum. Das Hanse-Parlament setzt sich f\u00fcr die St\u00e4rkung der wirtschaftlichen Leistungsf\u00e4higkeit des Ostseeraums im Allgemeinen und die F\u00f6rderung des Mittelstands im Besonderen ein. Ein besonderer Schwerpunkt ist die Verbesserung der beruflichen Bildung in der EU. Ein schlagkr\u00e4ftiges Sekretariat mit Sitz in Hamburg dient als Servicecenter, Think Tank und Entwicklungsabteilung. Unter Einbeziehung von KMU-Vertretern entwickelt das Hanse-Parlament st\u00e4ndig neue F\u00f6rderma\u00dfnahmen, insbesondere im Bereich der beruflichen Bildung. Es erprobt die Ma\u00dfnahmen mit einzelnen Partnern und \u00fcbertr\u00e4gt sie dann auf alle Mitglieder. Die Mitglieder erhalten vom Hanse-Parlament Schulungen f\u00fcr die Ausbilder sowie eine intensive Umsetzungsberatung. Auf diese Weise werden neue bedarfsorientierte F\u00f6rderma\u00dfnahmen entwickelt und dauerhaft im gesamten Ostseeraum mit Breitenwirkung umgesetzt.<br \/>\nDas Hanse-Parlament besteht seit 1994, die internationale Zusammenarbeit ist gut etabliert und durch die Organisation als Verein wird ein hohes Ma\u00df an Nachhaltigkeit erreicht. Auf Initiative des Hanse-Parlaments wurde 2010 die Baltic Sea Academy gegr\u00fcndet, der 17 Universit\u00e4ten aus 9 Ostseel\u00e4ndern angeh\u00f6ren. Die Mitglieder der Baltic Sea Academy f\u00fchren sowohl duale Studieng\u00e4nge als auch Forschungs- und Entwicklungsaufgaben f\u00fcr KMU durch. Gemeinsam mit den Mitgliedern des Hanse-Parlaments gestalten sie effektiv den Wissens- und Innovationstransfer. Die Baltic Sea Academy ist eine Abteilung des Hanse-Parlaments. info@hanse-parlament.eu<\/p>\n<p>Tel: +49 40 82 24 47 0<\/p>\n<p>Website: <a href=\"https:\/\/www.hanse-parlament.eu\/\" target=\"_blank\" rel=\"noopener\">www.hanse-parlament.eu<\/a><\/p>\n<hr \/>\n<h3 class=\"alignnone wp-image-62 size-medium\" style=\"text-align: center;\"><img loading=\"lazy\" decoding=\"async\" class=\"alignnone size-medium wp-image-63\" src=\"https:\/\/vois.erasmus.site\/wp-content\/uploads\/2022\/05\/cwep-300x300.png\" alt=\"\" width=\"300\" height=\"300\" srcset=\"https:\/\/vois.erasmus.site\/wp-content\/uploads\/2022\/05\/cwep.png 300w, https:\/\/vois.erasmus.site\/wp-content\/uploads\/2022\/05\/cwep-150x150.png 150w\" sizes=\"(max-width: 300px) 100vw, 300px\" \/><br \/>\nCentrum Wspierania Edukacji i Przedsi\u0119biorczo\u015bci (CWEP)<\/h3>\n<p>Centre For Education And Entrepreneurship Support (CWEP) is a non-governmental organization founded in 2004 by a group of entrepreneurs, teachers and social activists from Rzesz\u00f3w, Poland. CWEP cooperates with businesses and educational institutions. The mission of CWEP is to increase the quality of education training at all levels and in all its forms, as well as to promote entrepreneurship in order to foster integration of any social group, regardless of their gender, age or ethnic origin. Particularly, the aims are to improve accessibility, quality and efficiency of education of all people, to promote and contribute to adult education, life-long learning, e-learning and the usage of new technologies in education and entrepreneurship. The Association works with many partners from Europe in order to strengthen the economic position of enterprises and provides on-line platforms for companies.<\/p>\n<p>Website: <a href=\"https:\/\/www.cwep.eu\" target=\"_blank\" rel=\"noopener\">www.cwep.eu<\/a><\/p>\n<hr \/>\n<h3 class=\"alignnone wp-image-62 size-medium\" style=\"text-align: center;\"><img loading=\"lazy\" decoding=\"async\" class=\"alignnone wp-image-67 size-medium\" src=\"https:\/\/vois.erasmus.site\/wp-content\/uploads\/2022\/05\/lut-300x300.png\" alt=\"\" width=\"300\" height=\"300\" srcset=\"https:\/\/vois.erasmus.site\/wp-content\/uploads\/2022\/05\/lut.png 300w, https:\/\/vois.erasmus.site\/wp-content\/uploads\/2022\/05\/lut-150x150.png 150w\" sizes=\"(max-width: 300px) 100vw, 300px\" \/><br \/>\nLUT University (Lappeenranta-Lahti University of Technology LUT)<\/h3>\n<p>LUT University (Lappeenranta-Lahti University of Technology LUT) is a pioneering science university in Finland, bringing together the fields of science and business since 1969. Our international community is composed of approximately 6,500 students and experts engaged in scientific research and academic education. Clean energy, water, and air are life-giving resources for which we at LUT University seek new solutions with our expertise in technology and business. We help society and businesses in their sustainable renewal.<br \/>\nLUT has a tradition of strong links with the business community. We promote business generated by scientific research. This is demonstrated by the university&#8217;s own investment company Green Campus Innovations, which supports LUT&#8217;s research-based start-up companies. We aim to be a forerunner in education by securing international quality labels for our degree programmes as a sign of excellence in teaching.<br \/>\nLUT Kouvola Research Unit, founded in 2002, has participated in many international activities. It will contribute to the project with its expertise in innovation management, co-creation, open innovation, ecosystem design. We have extensive experience in bachelor, master\u2019s, and Ph.D. curricula development. LUT University also has substantial experience managing large international projects within Erasmus, Horizon, ITEA, and other frameworks.<\/p>\n<p>LUT University<br \/>\nYliopistonkatu 34, 53850 Lappeenranta, Finland<br \/>\nWebsite: <a href=\"http:\/\/lut.fi\" target=\"_blank\" rel=\"noopener\">www.lut.fi<\/a><br \/>\n+358 29 446 2111<\/p>\n<hr \/>\n<h3 class=\"alignnone wp-image-62 size-medium\" style=\"text-align: center;\"><img loading=\"lazy\" decoding=\"async\" class=\"alignnone wp-image-69 size-medium\" src=\"https:\/\/vois.erasmus.site\/wp-content\/uploads\/2022\/05\/ed-300x300.png\" alt=\"\" width=\"300\" height=\"300\" srcset=\"https:\/\/vois.erasmus.site\/wp-content\/uploads\/2022\/05\/ed.png 300w, https:\/\/vois.erasmus.site\/wp-content\/uploads\/2022\/05\/ed-150x150.png 150w\" sizes=\"(max-width: 300px) 100vw, 300px\" \/><br \/>\nE&amp;D Knowledge Consulting Lda. (Portugal)<\/h3>\n<p>E&amp;D Knowledge Consulting ist ein Beratungs- und Weiterbildungsunternehmen, das sich auf die Unterst\u00fctzung der Entwicklung von Kompetenzen spezialisiert hat, die f\u00fcr die F\u00f6rderung von Innovationen in Unternehmen, im \u00f6ffentlichen und im sozialen Sektor erforderlich sind. Die Hauptaktivit\u00e4ten von E&amp;D konzentrieren sich darauf, Managern und Unternehmern die Kompetenzen, das Wissen und die Werkzeuge zu vermitteln, die sie ben\u00f6tigen, um Innovationsstrategien in ihren Organisationen erfolgreich zu implementieren und umzusetzen, aber auch um Innovationen in ihrem Umfeld zu f\u00f6rdern.<br \/>\nE&amp;D ist auf die Unterst\u00fctzung bei der Einf\u00fchrung von Innovationsma\u00dfnahmen in Organisationen spezialisiert &#8211; von Innovationsaudits \u00fcber die Unterst\u00fctzung bei der Definition und Umsetzung von Innovationsstrategien bis hin zur Entwicklung von Innovationsprozessen und -mechanismen, die auf die individuellen Bed\u00fcrfnisse von Organisationen zugeschnitten sind. Besonderes Augenmerk liegt dabei auf der Vermittlung von F\u00e4higkeiten und Kompetenzen, die f\u00fcr eine erfolgreiche Innovation erforderlich sind, sowohl bei F\u00fchrungskr\u00e4ften und Managern als auch bei Mitarbeitern.<br \/>\nW\u00e4hrend die Produkte von E&amp;D individuell auf der Grundlage der spezifischen Bed\u00fcrfnisse jeder Organisation definiert werden, umfassen die am h\u00e4ufigsten angesprochenen E&amp;D-Themen:<br \/>\nAufbau eines angemessenen Verst\u00e4ndnisses von Innovation bei Fachleuten in Nicht- und Low-Tech-Sektoren (insbesondere in den Bereichen Tourismus und Gastgewerbe, Agrar- und Ern\u00e4hrungswirtschaft, Industrie und Dienstleistungen) und deren F\u00e4higkeit, Innovationsprozesse umzusetzen und ihre Innovationsbem\u00fchungen in Profit (sowohl finanziell als auch sozial) umzuwandeln,<br \/>\nEntwicklung und Innovation von Gesch\u00e4ftsmodellen, mit besonderem Augenmerk auf deren Anwendung, um die Widerstandsf\u00e4higkeit gegen\u00fcber Marktver\u00e4nderungen zu erh\u00f6hen und innovationsorientierte Strategien f\u00fcr wirtschaftliche Nachhaltigkeit zu entwickeln,<br \/>\nUnterst\u00fctzung von kreativen Prozessen und Ideenfindung f\u00fcr Innovationen,<br \/>\nEntwicklung eines Innovationsbewusstseins bei Einzelpersonen und in Organisationen,<br \/>\nEntwicklung von Mechanismen und einer Kultur f\u00fcr Innovation,<br \/>\nEntwicklung von unternehmerischen und sozialen F\u00e4higkeiten,<br \/>\nZusammenarbeit f\u00fcr Innovation (F\u00e4higkeiten, Mechanismen und Instrumente f\u00fcr den Aufbau von Beziehungen und offene Innovation).<\/p>\n<p>Website: <a href=\"http:\/\/www.ed-knowledgeconsulting.com\/\" target=\"_blank\" rel=\"noopener\">www.ed-knowledgeconsulting.com<\/a><\/p>\n<hr \/>\n<h3 class=\"alignnone wp-image-62 size-medium\" style=\"text-align: center;\"><img loading=\"lazy\" decoding=\"async\" class=\"alignnone wp-image-70 size-medium\" src=\"https:\/\/vois.erasmus.site\/wp-content\/uploads\/2022\/05\/university-zagreb-300x300.png\" alt=\"\" width=\"300\" height=\"300\" srcset=\"https:\/\/vois.erasmus.site\/wp-content\/uploads\/2022\/05\/university-zagreb.png 300w, https:\/\/vois.erasmus.site\/wp-content\/uploads\/2022\/05\/university-zagreb-150x150.png 150w\" sizes=\"(max-width: 300px) 100vw, 300px\" \/><br \/>\nUniversity of Zagreb &#8211; Faculty of Economics and Business<\/h3>\n<p>Die Fakult\u00e4t f\u00fcr Wirtschaftswissenschaften der Universit\u00e4t Zagreb wurde 1920 gegr\u00fcndet und ist damit die \u00e4lteste Hochschuleinrichtung f\u00fcr Wirtschaftswissenschaften in der Republik Kroatien, aber auch im internationalen Kontext. Die Fakult\u00e4t f\u00fcr Wirtschaftswissenschaften Zagreb ist eine von 31 Fakult\u00e4ten der 1669 gegr\u00fcndeten Universit\u00e4t Zagreb, die damit zu den \u00e4ltesten Universit\u00e4ten Europas geh\u00f6rt. Aufgrund der Ergebnisse ihrer wirtschaftlichen, sozialen und politischen Aktivit\u00e4ten, der Anzahl der derzeitigen Studenten und der Mitglieder ihrer Alumni-Gesellschaft, der Anzahl und der Kompetenzen ihrer Professoren, Mitarbeiter und ihres Begleitpersonals, die mit internationalen Akkreditierungen ausgezeichnet wurden, sowie zahlreicher Top-Wirtschaftswissenschaftler, Manager, Unternehmer und Politiker ist die Fakult\u00e4t f\u00fcr Wirtschaftswissenschaften und Business Zagreb als f\u00fchrende und gr\u00f6\u00dfte Institution f\u00fcr wirtschaftliche und gesch\u00e4ftliche Ausbildung in der Republik Kroatien und der gesamten Region anerkannt.<\/p>\n<p>Die Fakult\u00e4t f\u00fcr Wirtschaftswissenschaften Zagreb ist eine Gemeinschaft von 260 Professoren und Mitarbeitern, die Studienprogramme durchf\u00fchren und an verschiedenen Forschungsprojekten teilnehmen. Zus\u00e4tzlich zu den Lehrkr\u00e4ften gibt es 115 nicht lehrende Mitarbeiter, die in den Fachdiensten der Fakult\u00e4t t\u00e4tig sind. An der Fakult\u00e4t studieren derzeit mehr als 8.500 Studenten aller Fachrichtungen, und jedes Jahr schlie\u00dfen etwa 1.500 Studenten ihr Studium in verschiedenen Studieng\u00e4ngen ab.<\/p>\n<p>Die Fakult\u00e4t f\u00fcr Wirtschaftswissenschaften Zagreb verf\u00fcgt \u00fcber eine nationale Akkreditierung, die von der kroatischen Agentur f\u00fcr Wissenschaft und Hochschulbildung und dem Ministerium f\u00fcr Wissenschaft und Bildung der Republik Kroatien unterzeichnet wurde, sowie \u00fcber zwei internationale Akkreditierungen, die AACSB Business-Akkreditierung auf institutioneller Ebene und die EPAS-Akkreditierung f\u00fcr den englischsprachigen Bachelor-Studiengang in Wirtschaft.<\/p>\n<p>Website: <a href=\"https:\/\/www.efzg.unizg.hr\/en\" target=\"_blank\" rel=\"noopener\">www.efzg.unizg.hr<\/a><\/p>","protected":false},"excerpt":{"rendered":"<p>assist Gesellschaft f\u00fcr Unternehmensberatung und Personalentwicklung mbH (assist GmbH) Die assist GmbH ist eine mittelst\u00e4ndische GmbH mit Hauptsitz in Paderborn, Mitteldeutschland. Das Unternehmen bietet Trainings in den Bereichen Kommunikationskompetenz, interkulturelle Kompetenz, F\u00fchrungskompetenz sowie Trainerf\u00e4higkeiten an. Ein besonderes Alleinstellungsmerkmal ist, dass die assist GmbH in der Lage ist, Kompetenzentwicklung in einer Vielzahl von Sprachen anzubieten. Die&hellip;&nbsp;<a href=\"https:\/\/vois.erasmus.site\/de\/partnership\/\" rel=\"bookmark\">Weiterlesen &raquo;<span class=\"screen-reader-text\">Partnerschaft<\/span><\/a><\/p>\n","protected":false},"author":1,"featured_media":61,"parent":0,"menu_order":0,"comment_status":"closed","ping_status":"closed","template":"","meta":{"neve_meta_sidebar":"","neve_meta_container":"","neve_meta_enable_content_width":"off","neve_meta_content_width":100,"neve_meta_title_alignment":"","neve_meta_author_avatar":"","neve_post_elements_order":"","neve_meta_disable_header":"","neve_meta_disable_footer":"","neve_meta_disable_title":"","footnotes":""},"class_list":["post-56","page","type-page","status-publish","has-post-thumbnail","hentry"],"_links":{"self":[{"href":"https:\/\/vois.erasmus.site\/de\/wp-json\/wp\/v2\/pages\/56","targetHints":{"allow":["GET"]}}],"collection":[{"href":"https:\/\/vois.erasmus.site\/de\/wp-json\/wp\/v2\/pages"}],"about":[{"href":"https:\/\/vois.erasmus.site\/de\/wp-json\/wp\/v2\/types\/page"}],"author":[{"embeddable":true,"href":"https:\/\/vois.erasmus.site\/de\/wp-json\/wp\/v2\/users\/1"}],"replies":[{"embeddable":true,"href":"https:\/\/vois.erasmus.site\/de\/wp-json\/wp\/v2\/comments?post=56"}],"version-history":[{"count":14,"href":"https:\/\/vois.erasmus.site\/de\/wp-json\/wp\/v2\/pages\/56\/revisions"}],"predecessor-version":[{"id":180,"href":"https:\/\/vois.erasmus.site\/de\/wp-json\/wp\/v2\/pages\/56\/revisions\/180"}],"wp:featuredmedia":[{"embeddable":true,"href":"https:\/\/vois.erasmus.site\/de\/wp-json\/wp\/v2\/media\/61"}],"wp:attachment":[{"href":"https:\/\/vois.erasmus.site\/de\/wp-json\/wp\/v2\/media?parent=56"}],"curies":[{"name":"wp","href":"https:\/\/api.w.org\/{rel}","templated":true}]}}