{"id":13,"date":"2022-05-26T07:50:02","date_gmt":"2022-05-26T07:50:02","guid":{"rendered":"https:\/\/vois.erasmus.site\/?page_id=13"},"modified":"2022-09-24T13:57:00","modified_gmt":"2022-09-24T13:57:00","slug":"home","status":"publish","type":"page","link":"https:\/\/vois.erasmus.site\/fi\/","title":{"rendered":"Home"},"content":{"rendered":"\t\t<div data-elementor-type=\"wp-page\" data-elementor-id=\"13\" class=\"elementor elementor-13\">\n\t\t\t\t\t\t<section class=\"elementor-section elementor-top-section elementor-element elementor-element-380685a elementor-section-height-min-height elementor-section-boxed elementor-section-height-default elementor-section-items-middle\" data-id=\"380685a\" data-element_type=\"section\" data-e-type=\"section\" data-settings=\"{&quot;background_background&quot;:&quot;classic&quot;}\">\n\t\t\t\t\t\t\t<div class=\"elementor-background-overlay\"><\/div>\n\t\t\t\t\t\t\t<div class=\"elementor-container elementor-column-gap-default\">\n\t\t\t\t\t<div class=\"elementor-column elementor-col-100 elementor-top-column elementor-element elementor-element-7fe1ac6\" data-id=\"7fe1ac6\" data-element_type=\"column\" data-e-type=\"column\">\n\t\t\t<div class=\"elementor-widget-wrap elementor-element-populated\">\n\t\t\t\t\t\t<div class=\"elementor-element elementor-element-5c0f030 elementor-widget elementor-widget-heading\" data-id=\"5c0f030\" data-element_type=\"widget\" data-e-type=\"widget\" data-widget_type=\"heading.default\">\n\t\t\t\t<div class=\"elementor-widget-container\">\n\t\t\t\t\t<h2 class=\"elementor-heading-title elementor-size-xxl\">\nVOIS \u2013 Virtuaalinen Avoimen Innovaation Ymp\u00e4rist\u00f6 yrityksille<\/h2>\t\t\t\t<\/div>\n\t\t\t\t<\/div>\n\t\t\t\t<div class=\"elementor-element elementor-element-31dd35b elementor-widget elementor-widget-text-editor\" data-id=\"31dd35b\" data-element_type=\"widget\" data-e-type=\"widget\" data-widget_type=\"text-editor.default\">\n\t\t\t\t<div class=\"elementor-widget-container\">\n\t\t\t\t\t\t\t\t\t<p><strong>Projektinumero:\u00a0<\/strong> 2021-1-DE02-KA202-VET_000034201<br \/><strong>T\u00e4yt\u00e4nt\u00f6\u00f6npanoaika:<\/strong> 01.01.2022 \u2013 30.06.2024<br \/><strong>Rahoitusohjelma:<\/strong> Erasmus+<\/p>\t\t\t\t\t\t\t\t<\/div>\n\t\t\t\t<\/div>\n\t\t\t\t\t<\/div>\n\t\t<\/div>\n\t\t\t\t\t<\/div>\n\t\t<\/section>\n\t\t\t\t<section class=\"elementor-section elementor-top-section elementor-element elementor-element-73e814a elementor-section-height-min-height elementor-section-boxed elementor-section-height-default elementor-section-items-middle\" data-id=\"73e814a\" data-element_type=\"section\" data-e-type=\"section\">\n\t\t\t\t\t\t<div class=\"elementor-container elementor-column-gap-default\">\n\t\t\t\t\t<div class=\"elementor-column elementor-col-50 elementor-top-column elementor-element elementor-element-d02600f\" data-id=\"d02600f\" data-element_type=\"column\" data-e-type=\"column\">\n\t\t\t<div class=\"elementor-widget-wrap elementor-element-populated\">\n\t\t\t\t\t\t<div class=\"elementor-element elementor-element-2a571da elementor-widget elementor-widget-menu-anchor\" data-id=\"2a571da\" data-element_type=\"widget\" data-e-type=\"widget\" data-widget_type=\"menu-anchor.default\">\n\t\t\t\t<div class=\"elementor-widget-container\">\n\t\t\t\t\t\t\t<div class=\"elementor-menu-anchor\" id=\"about\"><\/div>\n\t\t\t\t\t\t<\/div>\n\t\t\t\t<\/div>\n\t\t\t\t<div class=\"elementor-element elementor-element-14a2569 elementor-widget elementor-widget-heading\" data-id=\"14a2569\" data-element_type=\"widget\" data-e-type=\"widget\" data-widget_type=\"heading.default\">\n\t\t\t\t<div class=\"elementor-widget-container\">\n\t\t\t\t\t<h2 class=\"elementor-heading-title elementor-size-default\">Projektista<\/h2>\t\t\t\t<\/div>\n\t\t\t\t<\/div>\n\t\t\t\t<div class=\"elementor-element elementor-element-3b7591b elementor-widget elementor-widget-text-editor\" data-id=\"3b7591b\" data-element_type=\"widget\" data-e-type=\"widget\" data-widget_type=\"text-editor.default\">\n\t\t\t\t<div class=\"elementor-widget-container\">\n\t\t\t\t\t\t\t\t\t<p>Tekij\u00e4t, kuten muuttuvat markkinaolosuhteet, digitalisaatio ja esineiden internetin (Internet of Things, IoT) syntyminen edellytt\u00e4\u00e4 pk-yrityksilt\u00e4 arvolupauksen uudelleenkeksimist\u00e4, jotta varmistetaan yrityksen olemassaolo, jota usein uhkaa innovointi- ja kilpailukyvyn puute globaaleilla markkinoilla. T\u00e4ll\u00e4 hetkell\u00e4 avoimen innovaation kompetenssit ovat harvinaisia pk-yrityksiss\u00e4, ja jos niit\u00e4 on, ne rajoittuvat yleens\u00e4 korkean teknologian aloille. VOIS-kumppanuus on kehitt\u00e4nyt kattavan virtuaalisen avoimen innovaation ymp\u00e4rist\u00f6n, jonka avulla pk-yritykset voivat parantaa tehokkaasti avoimen innovaation osaamista ja kyky\u00e4 toteuttaa sit\u00e4 k\u00e4yt\u00e4nn\u00f6ss\u00e4. T\u00e4t\u00e4 tarkoitusta varten Integroitu Virtuaalinen Avoin Innovaatio Ymp\u00e4rist\u00f6 ehdottaa kolmea erityisaluetta, joilla pk-yritykset voivat parantaa osaamistaan: Alue 1 \u2013 Organisaatioalue, Alue 2 \u2013 Yksil\u00f6llinen kehitysalue ja Alue 3 \u2013 Avoin innovaatiovarasto. Hankkeen p\u00e4\u00e4tulos on Integroitu Virtuaalinen Avoin Innovaatio Ymp\u00e4rist\u00f6, joka sis\u00e4lt\u00e4\u00e4 metodologian ja ty\u00f6kalut, jotka auttavat elintarvike- ja biotalouden pk-yritysten johtajia sitoutumaan avoimeen innovaatioon ja hy\u00f6tym\u00e4\u00e4n siit\u00e4 noudattamalla kattavaa modulaarista kehitysohjelmaa (lis\u00e4tietoja osiossa: Tulokset).<\/p>\t\t\t\t\t\t\t\t<\/div>\n\t\t\t\t<\/div>\n\t\t\t\t\t<\/div>\n\t\t<\/div>\n\t\t\t\t<div class=\"elementor-column elementor-col-50 elementor-top-column elementor-element elementor-element-a97e803\" data-id=\"a97e803\" data-element_type=\"column\" data-e-type=\"column\">\n\t\t\t<div class=\"elementor-widget-wrap elementor-element-populated\">\n\t\t\t\t\t\t<div class=\"elementor-element elementor-element-5a027d2 elementor-widget elementor-widget-image\" data-id=\"5a027d2\" data-element_type=\"widget\" data-e-type=\"widget\" data-widget_type=\"image.default\">\n\t\t\t\t<div class=\"elementor-widget-container\">\n\t\t\t\t\t\t\t\t\t\t\t\t\t\t\t<img fetchpriority=\"high\" decoding=\"async\" width=\"1024\" height=\"683\" src=\"https:\/\/vois.erasmus.site\/wp-content\/uploads\/2022\/05\/woman-working-from-home-on-a-laptop-with-empty-screen-1024x683.jpg\" class=\"attachment-large size-large wp-image-47\" alt=\"\" srcset=\"https:\/\/vois.erasmus.site\/wp-content\/uploads\/2022\/05\/woman-working-from-home-on-a-laptop-with-empty-screen-1024x683.jpg 1024w, https:\/\/vois.erasmus.site\/wp-content\/uploads\/2022\/05\/woman-working-from-home-on-a-laptop-with-empty-screen-300x200.jpg 300w, https:\/\/vois.erasmus.site\/wp-content\/uploads\/2022\/05\/woman-working-from-home-on-a-laptop-with-empty-screen-768x512.jpg 768w, https:\/\/vois.erasmus.site\/wp-content\/uploads\/2022\/05\/woman-working-from-home-on-a-laptop-with-empty-screen-1536x1025.jpg 1536w, https:\/\/vois.erasmus.site\/wp-content\/uploads\/2022\/05\/woman-working-from-home-on-a-laptop-with-empty-screen-930x620.jpg 930w, https:\/\/vois.erasmus.site\/wp-content\/uploads\/2022\/05\/woman-working-from-home-on-a-laptop-with-empty-screen.jpg 2000w\" sizes=\"(max-width: 1024px) 100vw, 1024px\" \/>\t\t\t\t\t\t\t\t\t\t\t\t\t\t\t<\/div>\n\t\t\t\t<\/div>\n\t\t\t\t\t<\/div>\n\t\t<\/div>\n\t\t\t\t\t<\/div>\n\t\t<\/section>\n\t\t\t\t<section class=\"elementor-section elementor-top-section elementor-element elementor-element-62d078f elementor-section-boxed elementor-section-height-default elementor-section-height-default\" data-id=\"62d078f\" data-element_type=\"section\" data-e-type=\"section\">\n\t\t\t\t\t\t<div class=\"elementor-container elementor-column-gap-default\">\n\t\t\t\t\t<div class=\"elementor-column elementor-col-100 elementor-top-column elementor-element elementor-element-893157a\" data-id=\"893157a\" data-element_type=\"column\" data-e-type=\"column\">\n\t\t\t<div class=\"elementor-widget-wrap elementor-element-populated\">\n\t\t\t\t\t\t<div class=\"elementor-element elementor-element-f4c9929 elementor-widget elementor-widget-heading\" data-id=\"f4c9929\" data-element_type=\"widget\" data-e-type=\"widget\" data-widget_type=\"heading.default\">\n\t\t\t\t<div class=\"elementor-widget-container\">\n\t\t\t\t\t<h2 class=\"elementor-heading-title elementor-size-default\">Kumppanuusp<\/h2>\t\t\t\t<\/div>\n\t\t\t\t<\/div>\n\t\t\t\t\t<\/div>\n\t\t<\/div>\n\t\t\t\t\t<\/div>\n\t\t<\/section>\n\t\t\t\t<section class=\"elementor-section elementor-top-section elementor-element elementor-element-2f946ac elementor-section-boxed elementor-section-height-default elementor-section-height-default\" data-id=\"2f946ac\" data-element_type=\"section\" data-e-type=\"section\">\n\t\t\t\t\t\t<div class=\"elementor-container elementor-column-gap-default\">\n\t\t\t\t\t<div class=\"elementor-column elementor-col-100 elementor-top-column elementor-element elementor-element-65511d4\" data-id=\"65511d4\" data-element_type=\"column\" data-e-type=\"column\">\n\t\t\t<div class=\"elementor-widget-wrap elementor-element-populated\">\n\t\t\t\t\t\t<div class=\"elementor-element elementor-element-a891685 elementor-arrows-position-inside elementor-pagination-position-outside elementor-widget elementor-widget-image-carousel\" data-id=\"a891685\" data-element_type=\"widget\" data-e-type=\"widget\" data-settings=\"{&quot;navigation&quot;:&quot;both&quot;,&quot;autoplay&quot;:&quot;yes&quot;,&quot;pause_on_hover&quot;:&quot;yes&quot;,&quot;pause_on_interaction&quot;:&quot;yes&quot;,&quot;autoplay_speed&quot;:5000,&quot;infinite&quot;:&quot;yes&quot;,&quot;speed&quot;:500}\" data-widget_type=\"image-carousel.default\">\n\t\t\t\t<div class=\"elementor-widget-container\">\n\t\t\t\t\t\t\t<div class=\"elementor-image-carousel-wrapper swiper\" role=\"region\" aria-roledescription=\"carousel\" aria-label=\"Kuvakaruselli\" dir=\"ltr\">\n\t\t\t<div class=\"elementor-image-carousel swiper-wrapper\" aria-live=\"off\">\n\t\t\t\t\t\t\t\t<div class=\"swiper-slide\" role=\"group\" aria-roledescription=\"slide\" aria-label=\"1 of 7\"><figure class=\"swiper-slide-inner\"><img decoding=\"async\" class=\"swiper-slide-image\" src=\"https:\/\/vois.erasmus.site\/wp-content\/uploads\/2022\/05\/university-zagreb-300x300.png\" alt=\"university zagreb\" \/><\/figure><\/div><div class=\"swiper-slide\" role=\"group\" aria-roledescription=\"slide\" aria-label=\"2 of 7\"><figure class=\"swiper-slide-inner\"><img decoding=\"async\" class=\"swiper-slide-image\" src=\"https:\/\/vois.erasmus.site\/wp-content\/uploads\/2022\/05\/ed-300x300.png\" alt=\"ed\" \/><\/figure><\/div><div class=\"swiper-slide\" role=\"group\" aria-roledescription=\"slide\" aria-label=\"3 of 7\"><figure class=\"swiper-slide-inner\"><img decoding=\"async\" class=\"swiper-slide-image\" src=\"https:\/\/vois.erasmus.site\/wp-content\/uploads\/2022\/05\/lut-300x300.png\" alt=\"lut\" \/><\/figure><\/div><div class=\"swiper-slide\" role=\"group\" aria-roledescription=\"slide\" aria-label=\"4 of 7\"><figure class=\"swiper-slide-inner\"><img decoding=\"async\" class=\"swiper-slide-image\" src=\"https:\/\/vois.erasmus.site\/wp-content\/uploads\/2022\/05\/cwep-300x300.png\" alt=\"cwep\" \/><\/figure><\/div><div class=\"swiper-slide\" role=\"group\" aria-roledescription=\"slide\" aria-label=\"5 of 7\"><figure class=\"swiper-slide-inner\"><img decoding=\"async\" class=\"swiper-slide-image\" src=\"https:\/\/vois.erasmus.site\/wp-content\/uploads\/2022\/05\/hp-300x300.png\" alt=\"hp\" \/><\/figure><\/div><div class=\"swiper-slide\" role=\"group\" aria-roledescription=\"slide\" aria-label=\"6 of 7\"><figure class=\"swiper-slide-inner\"><img decoding=\"async\" class=\"swiper-slide-image\" src=\"https:\/\/vois.erasmus.site\/wp-content\/uploads\/2022\/05\/assist-300x300.png\" alt=\"assist\" \/><\/figure><\/div><div class=\"swiper-slide\" role=\"group\" aria-roledescription=\"slide\" aria-label=\"7 of 7\"><figure class=\"swiper-slide-inner\"><img decoding=\"async\" class=\"swiper-slide-image\" src=\"https:\/\/vois.erasmus.site\/wp-content\/uploads\/2022\/08\/heraklion-300x300.png\" alt=\"heraklion\" \/><\/figure><\/div>\t\t\t<\/div>\n\t\t\t\t\t\t\t\t\t\t\t\t<div class=\"elementor-swiper-button elementor-swiper-button-prev\" role=\"button\" tabindex=\"0\">\n\t\t\t\t\t\t<i aria-hidden=\"true\" class=\"eicon-chevron-left\"><\/i>\t\t\t\t\t<\/div>\n\t\t\t\t\t<div class=\"elementor-swiper-button elementor-swiper-button-next\" role=\"button\" tabindex=\"0\">\n\t\t\t\t\t\t<i aria-hidden=\"true\" class=\"eicon-chevron-right\"><\/i>\t\t\t\t\t<\/div>\n\t\t\t\t\n\t\t\t\t\t\t\t\t\t<div class=\"swiper-pagination\"><\/div>\n\t\t\t\t\t\t\t\t\t<\/div>\n\t\t\t\t\t\t<\/div>\n\t\t\t\t<\/div>\n\t\t\t\t\t<\/div>\n\t\t<\/div>\n\t\t\t\t\t<\/div>\n\t\t<\/section>\n\t\t\t\t<\/div>\n\t\t","protected":false},"excerpt":{"rendered":"<p>VOIS \u2013 Virtuaalinen Avoimen Innovaation Ymp\u00e4rist\u00f6 yrityksille Projektinumero:\u00a0 2021-1-DE02-KA202-VET_000034201T\u00e4yt\u00e4nt\u00f6\u00f6npanoaika: 01.01.2022 \u2013 30.06.2024Rahoitusohjelma: Erasmus+ Projektista Tekij\u00e4t, kuten muuttuvat markkinaolosuhteet, digitalisaatio ja esineiden internetin (Internet of Things, IoT) syntyminen edellytt\u00e4\u00e4 pk-yrityksilt\u00e4 arvolupauksen uudelleenkeksimist\u00e4, jotta varmistetaan yrityksen olemassaolo, jota usein uhkaa innovointi- ja kilpailukyvyn puute globaaleilla markkinoilla. T\u00e4ll\u00e4 hetkell\u00e4 avoimen innovaation kompetenssit ovat harvinaisia pk-yrityksiss\u00e4, ja jos niit\u00e4&hellip;&nbsp;<a href=\"https:\/\/vois.erasmus.site\/fi\/\" rel=\"bookmark\">Lue lis\u00e4\u00e4 &raquo;<span class=\"screen-reader-text\">Home<\/span><\/a><\/p>\n","protected":false},"author":1,"featured_media":0,"parent":0,"menu_order":0,"comment_status":"closed","ping_status":"closed","template":"page-templates\/template-pagebuilder-full-width.php","meta":{"neve_meta_sidebar":"","neve_meta_container":"","neve_meta_enable_content_width":"off","neve_meta_content_width":100,"neve_meta_title_alignment":"","neve_meta_author_avatar":"","neve_post_elements_order":"","neve_meta_disable_header":"","neve_meta_disable_footer":"","neve_meta_disable_title":"on","footnotes":""},"class_list":["post-13","page","type-page","status-publish","hentry"],"_links":{"self":[{"href":"https:\/\/vois.erasmus.site\/fi\/wp-json\/wp\/v2\/pages\/13","targetHints":{"allow":["GET"]}}],"collection":[{"href":"https:\/\/vois.erasmus.site\/fi\/wp-json\/wp\/v2\/pages"}],"about":[{"href":"https:\/\/vois.erasmus.site\/fi\/wp-json\/wp\/v2\/types\/page"}],"author":[{"embeddable":true,"href":"https:\/\/vois.erasmus.site\/fi\/wp-json\/wp\/v2\/users\/1"}],"replies":[{"embeddable":true,"href":"https:\/\/vois.erasmus.site\/fi\/wp-json\/wp\/v2\/comments?post=13"}],"version-history":[{"count":79,"href":"https:\/\/vois.erasmus.site\/fi\/wp-json\/wp\/v2\/pages\/13\/revisions"}],"predecessor-version":[{"id":188,"href":"https:\/\/vois.erasmus.site\/fi\/wp-json\/wp\/v2\/pages\/13\/revisions\/188"}],"wp:attachment":[{"href":"https:\/\/vois.erasmus.site\/fi\/wp-json\/wp\/v2\/media?parent=13"}],"curies":[{"name":"wp","href":"https:\/\/api.w.org\/{rel}","templated":true}]}}