{"id":51,"date":"2022-05-26T09:52:17","date_gmt":"2022-05-26T09:52:17","guid":{"rendered":"https:\/\/vois.erasmus.site\/?page_id=51"},"modified":"2024-05-07T08:37:35","modified_gmt":"2024-05-07T08:37:35","slug":"results","status":"publish","type":"page","link":"https:\/\/vois.erasmus.site\/fi\/results\/","title":{"rendered":"Tulokset"},"content":{"rendered":"<p>Hankkeen tavoitteet saavutetaan kehitt\u00e4m\u00e4ll\u00e4 yht\u00e4 p\u00e4\u00e4tulosta.<\/p>\n<p><strong><a class=\"custom-button\" href=\"https:\/\/vois.erasmus.site\/platform\/\" target=\"_blank\" rel=\"noopener\">Virtuaalinen Avoimen Innovaation Ymp\u00e4rist\u00f6<\/a><\/strong> on monitahoinen alusta, joka integroi ty\u00f6kaluja ammatillisen avoimen innovaation osaamisen rakentamiseksi elintarvike- ja biotalousalan johtajien keskuudessa ja se kohdistuu suoraan toimintal\u00e4ht\u00f6isen osaamisen kehitt\u00e4misen tarpeeseen. Se tarjoaa yhden luukun ratkaisun, jossa on kolme erityisaluetta, jotka k\u00e4sittelev\u00e4t valmistelun eri n\u00e4k\u00f6kohtia, jotta voidaan kohdata avoimen innovaation haasteet:<br \/>\n&#8211; Alue 1: Organisaation avoimen innovaation kapasiteetti, joka keskittyy pk-yritysten avoimiin innovaatiostrategioihin\/menetelmiin ja kykyyn osallistua suunnittelemaan ja toteuttamaan niit\u00e4 organisaatioissaan<\/p>\n<p><a class=\"btn btn-primary\" href=\"https:\/\/vois.erasmus.site\/platform\/modules\/1\/\">Avoin<\/a><\/p>\n<p>&#8211; Alue 2: Esimiesten kehitt\u00e4misalue keskittyy yksil\u00f6llisten avoimen innovaation kompetenssien kehitt\u00e4miseen ja vaatimuksiin, kun johdetaan toimintaa avoimen innovaation piiriss\u00e4.<\/p>\n<p><a class=\"btn btn-primary\" href=\"https:\/\/vois.erasmus.site\/platform\/modules\/2\/\">Avoin<\/a><\/p>\n<p>&#8211; Alue 3: Avoin Innovaatio Arkisto &#8211; tietokanta jo saatavilla olevista avoimista innovaatioiden keruuty\u00f6kaluista ja pk-yrityksille suunnatuista tukitoimista. Se kattaa kohdesektorin kaikissa mukana olevissa maissa ja EU-tasolla.<\/p>\n<p><a class=\"btn btn-primary\" href=\"https:\/\/vois.erasmus.site\/platform\/repository\">Avoin<\/a><\/p>","protected":false},"excerpt":{"rendered":"<p>Hankkeen tavoitteet saavutetaan kehitt\u00e4m\u00e4ll\u00e4 yht\u00e4 p\u00e4\u00e4tulosta. Virtuaalinen Avoimen Innovaation Ymp\u00e4rist\u00f6 on monitahoinen alusta, joka integroi ty\u00f6kaluja ammatillisen avoimen innovaation osaamisen rakentamiseksi elintarvike- ja biotalousalan johtajien keskuudessa ja se kohdistuu suoraan toimintal\u00e4ht\u00f6isen osaamisen kehitt\u00e4misen tarpeeseen. Se tarjoaa yhden luukun ratkaisun, jossa on kolme erityisaluetta, jotka k\u00e4sittelev\u00e4t valmistelun eri n\u00e4k\u00f6kohtia, jotta voidaan kohdata avoimen innovaation haasteet: &#8211;&hellip;&nbsp;<a href=\"https:\/\/vois.erasmus.site\/fi\/results\/\" rel=\"bookmark\">Lue lis\u00e4\u00e4 &raquo;<span class=\"screen-reader-text\">Tulokset<\/span><\/a><\/p>\n","protected":false},"author":1,"featured_media":18,"parent":0,"menu_order":0,"comment_status":"closed","ping_status":"closed","template":"","meta":{"neve_meta_sidebar":"","neve_meta_container":"","neve_meta_enable_content_width":"off","neve_meta_content_width":100,"neve_meta_title_alignment":"","neve_meta_author_avatar":"","neve_post_elements_order":"","neve_meta_disable_header":"","neve_meta_disable_footer":"","neve_meta_disable_title":"","footnotes":""},"class_list":["post-51","page","type-page","status-publish","has-post-thumbnail","hentry"],"_links":{"self":[{"href":"https:\/\/vois.erasmus.site\/fi\/wp-json\/wp\/v2\/pages\/51","targetHints":{"allow":["GET"]}}],"collection":[{"href":"https:\/\/vois.erasmus.site\/fi\/wp-json\/wp\/v2\/pages"}],"about":[{"href":"https:\/\/vois.erasmus.site\/fi\/wp-json\/wp\/v2\/types\/page"}],"author":[{"embeddable":true,"href":"https:\/\/vois.erasmus.site\/fi\/wp-json\/wp\/v2\/users\/1"}],"replies":[{"embeddable":true,"href":"https:\/\/vois.erasmus.site\/fi\/wp-json\/wp\/v2\/comments?post=51"}],"version-history":[{"count":11,"href":"https:\/\/vois.erasmus.site\/fi\/wp-json\/wp\/v2\/pages\/51\/revisions"}],"predecessor-version":[{"id":289,"href":"https:\/\/vois.erasmus.site\/fi\/wp-json\/wp\/v2\/pages\/51\/revisions\/289"}],"wp:featuredmedia":[{"embeddable":true,"href":"https:\/\/vois.erasmus.site\/fi\/wp-json\/wp\/v2\/media\/18"}],"wp:attachment":[{"href":"https:\/\/vois.erasmus.site\/fi\/wp-json\/wp\/v2\/media?parent=51"}],"curies":[{"name":"wp","href":"https:\/\/api.w.org\/{rel}","templated":true}]}}