{"id":56,"date":"2022-05-26T09:55:38","date_gmt":"2022-05-26T09:55:38","guid":{"rendered":"https:\/\/vois.erasmus.site\/?page_id=56"},"modified":"2022-08-28T19:47:26","modified_gmt":"2022-08-28T19:47:26","slug":"partnership","status":"publish","type":"page","link":"https:\/\/vois.erasmus.site\/fi\/partnership\/","title":{"rendered":"Kumppanuus"},"content":{"rendered":"<p><\/p>\n<h3 style=\"text-align: center;\"><img fetchpriority=\"high\" decoding=\"async\" class=\"size-medium wp-image-58 aligncenter\" src=\"https:\/\/vois.erasmus.site\/wp-content\/uploads\/2022\/05\/assist-300x300.png\" alt=\"\" width=\"300\" height=\"300\" srcset=\"https:\/\/vois.erasmus.site\/wp-content\/uploads\/2022\/05\/assist.png 300w, https:\/\/vois.erasmus.site\/wp-content\/uploads\/2022\/05\/assist-150x150.png 150w\" sizes=\"(max-width: 300px) 100vw, 300px\" \/><br \/>\nassist Gesellschaft f\u00fcr Unternehmensberatung und Personalentwicklung mbH (assist GmbH)<\/h3>\n<p>Assist GmbH on keskisuuri yksityinen osakeyhti\u00f6, jonka p\u00e4\u00e4konttori sijaitsee Paderbornissa, Keski-Saksassa. Yritys tarjoaa koulutusta kommunikointitaitojen, kulttuurienv\u00e4listen taitojen, johtamistaitojen sek\u00e4 kouluttajataitojen aloilla. Erityisen ainutlaatuinen myyntiehdotus on, ett\u00e4 assist GmbH pystyy tarjoamaan osaamisen kehitt\u00e4mist\u00e4 monilla eri kielill\u00e4. Asiakaskohderyhm\u00e4, johon Assist GmbH keskittyy, on ymp\u00e4ri Eurooppaa sijaitsevat, jotka haluavat kehitt\u00e4\u00e4 tiimins\u00e4 j\u00e4senten taitoja ja osaamista. Assist GmbH:lla on kokemusta koulutusmateriaalien kehitt\u00e4misest\u00e4 sek\u00e4 EU-hankkeiden koordinoinnista, toteutuksesta, laadunhallinnasta ja levitt\u00e4misest\u00e4, mik\u00e4 on t\u00e4rke\u00e4 tekij\u00e4 t\u00e4llaisissa hankkeissa. Yritys on ollut mukana monissa Erasmus+ strategisissa hankkeissa.<br \/>\nAssist GmbH on mukana tukemassa organisaatioita tiimin j\u00e4senten ja johtajien kehittymisess\u00e4. Sill\u00e4 on monen vuoden kokemus IT-asiantuntijoiden kouluttamisesta viestint\u00e4aiheissa: mukaan lukien viestint\u00e4, esittely, fasilitointi, konfliktien hallinta.<br \/>\nSiten assist GmbH:lla on runsaasti asiantuntemusta IT-henkil\u00f6st\u00f6n keskeisten viestinn\u00e4n aiheiden kouluttamisesta, mukaan lukien:<br \/>\n&#8211; Viestint\u00e4periaatteet<br \/>\n&#8211; Luottamuksen rakentaminen<br \/>\n&#8211; Empaattinen kuuntelu<br \/>\n&#8211; Onnistuneen palautteen antaminen ja vastaanottaminen<br \/>\n&#8211; Motivaatio viestinn\u00e4n kautta<br \/>\n&#8211; Voimapuhuminen<br \/>\n&#8211; Vaikutusstrategiat<br \/>\n&#8211; Ty\u00f6paikan konfliktien hallinta<br \/>\n&#8211; Ty\u00f6paikkaneuvottelut<br \/>\n&#8211; IT-konsultti kouluttajana<\/p>\n<p>Verkkosivu: <a href=\"https:\/\/www.international-hr.de\/impressum\/\" target=\"_blank\" rel=\"noopener\">www.international-hr.de\/impressum\/<\/a><\/p>\n<hr \/>\n<h3><img loading=\"lazy\" decoding=\"async\" class=\"wp-image-178 size-medium aligncenter\" src=\"https:\/\/vois.erasmus.site\/wp-content\/uploads\/2022\/08\/heraklion-300x300.png\" alt=\"\" width=\"300\" height=\"300\" srcset=\"https:\/\/vois.erasmus.site\/wp-content\/uploads\/2022\/08\/heraklion.png 300w, https:\/\/vois.erasmus.site\/wp-content\/uploads\/2022\/08\/heraklion-150x150.png 150w, https:\/\/vois.erasmus.site\/wp-content\/uploads\/2022\/08\/heraklion-24x24.png 24w, https:\/\/vois.erasmus.site\/wp-content\/uploads\/2022\/08\/heraklion-36x36.png 36w, https:\/\/vois.erasmus.site\/wp-content\/uploads\/2022\/08\/heraklion-48x48.png 48w\" sizes=\"(max-width: 300px) 100vw, 300px\" \/><\/h3>\n<h3 style=\"text-align: center;\">Heraklion Chamber of Commerce and Industry (HCCI)<\/h3>\n<p>Heraklionin kauppa- ja teollisuuskamari on yksi Kreikan suurimmista kauppakamareista ja Kreetan suurin itsen\u00e4inen verkostoitumis- ja yritystukiorganisaatio. Edustaa n. 22 000 j\u00e4sent\u00e4 kaikilta talouden sektoreilta. Heraklionin kauppa- ja teollisuuskamari tarjoaa j\u00e4senilleen laajan valikoiman k\u00e4yt\u00e4nn\u00f6llisi\u00e4 ja ammattimaisia \u200b\u200bneuvontapalveluita. HCCI on vuonna 1918 perustettu julkinen elin, joka ei saa tukea milt\u00e4\u00e4n valtion taholta ja se rahoitetaan kokonaan j\u00e4sentens\u00e4 maksuilla ja palkkioilla sek\u00e4 yhteis\u00f6n avustuksilla. HCCI:n teht\u00e4v\u00e4n\u00e4 on toimia julkishallinnon neuvonantajana ja konsulttina kauppaa, teollisuutta ja muita taloudellisen kehityksen kannalta merkitt\u00e4viss\u00e4 kysymyksiss\u00e4. Heraklionin kauppa- ja teollisuuskamarin t\u00e4rke\u00e4 tavoite on j\u00e4senilleen tarjoamien palvelujen jatkuva parantaminen heid\u00e4n taloudellisen hyvinvoinnin tukemiseksi.<br \/>\nHCCI on j\u00e4sen seuraavissa kansainv\u00e4lisiss\u00e4 elimiss\u00e4:<br \/>\nEnterprise Europe Network<br \/>\nKansainv\u00e4linen kauppakamari<br \/>\nEuro-Chambers \u2013 Euroopan kauppa- ja teollisuuskamarien liiton verkoston j\u00e4sen<br \/>\nInsuleur \u2013 EU:n saaren kauppa- ja teollisuuskamarien verkosto<br \/>\nArabi-Kreikkalainen kauppa- ja kehityskamari.<\/p>\n<p>Verkkosivu: <a href=\"http:\/\/www.ebeh.gr\" target=\"_blank\" rel=\"noopener\">www.ebeh.gr<\/a><\/p>\n<hr \/>\n<h3 style=\"text-align: center;\"><img decoding=\"async\" class=\"alignnone wp-image-62 size-medium\" src=\"https:\/\/vois.erasmus.site\/wp-content\/uploads\/2022\/05\/hp-300x300.png\" alt=\"\" width=\"300\" height=\"300\" srcset=\"https:\/\/vois.erasmus.site\/wp-content\/uploads\/2022\/05\/hp.png 300w, https:\/\/vois.erasmus.site\/wp-content\/uploads\/2022\/05\/hp-150x150.png 150w\" sizes=\"(max-width: 300px) 100vw, 300px\" \/><br \/>\nHanse-Parlament<\/h3>\n<p>Hanse-Parlament on 50 teollisuus-, kauppa- ja k\u00e4sity\u00f6kamarin yhdistys 13 eri maasta. J\u00e4senet edustavat yli 475 000 pk-yrityst\u00e4 koko It\u00e4meren alueella. Hansa-parlamentti on sitoutunut vahvistamaan It\u00e4meren alueen taloudellista suorituskyky\u00e4 yleens\u00e4 ja edist\u00e4m\u00e4\u00e4n erityisesti pk-yrityksi\u00e4 ja niiden toimintaa. Ammatillisen koulutuksen parantaminen EU:ssa on erityisen t\u00e4rke\u00e4 tavoite. Tehokas sihteerist\u00f6 Hampurissa toimii palvelukeskuksena, ajatushautomona ja kehitysosastona. Hansa-parlamentti kehitt\u00e4\u00e4 jatkuvasti uusia tukitoimia pk-yritysten edustajien kanssa, erityisesti ammatillisen koulutuksen alalla. Se testaa toimenpiteit\u00e4 yksitt\u00e4isten kumppanien kanssa ja siirt\u00e4\u00e4 ne sitten kaikille j\u00e4senille. J\u00e4senet saavat koulutusta kouluttajille sek\u00e4 intensiivisi\u00e4 t\u00e4yt\u00e4nt\u00f6\u00f6npanoneuvoja Hanse-Parlamentilta. N\u00e4in koko It\u00e4meren alueella kehitet\u00e4\u00e4n ja toteutetaan jatkuvasti uusia kysynt\u00e4l\u00e4ht\u00f6isi\u00e4 tukitoimenpiteit\u00e4 laajavaikutteisesti.<br \/>\nHansa-Parlamentti on ollut olemassa vuodesta 1994, kansainv\u00e4linen yhteisty\u00f6 on vakiintunutta ja j\u00e4rjest\u00f6n kautta saavutetaan korkeatasoinen kest\u00e4vyys yhdistyksen\u00e4. Hansa-parlamentin aloitteesta perustettiin vuonna 2010 Baltic Sea Academy, johon kuuluu 17 yliopistoa 9 It\u00e4meren maasta. Baltic Sea Academyn j\u00e4senet suorittavat kaksoisopinto-ohjelmia sek\u00e4 tutkimus- ja kehitysteht\u00e4vi\u00e4 pk-yrityksille. Yhdess\u00e4 Hansa-parlamentin j\u00e4senten kanssa he muokkaavat tehokkaasti tiedon ja innovaatioiden siirtoa. Baltic Sea Academy on Hansa-parlamentin osasto.<\/p>\n<p>Tel: +49 40 82 24 47 0<\/p>\n<p>Verkkosivu: <a href=\"https:\/\/www.hanse-parlament.eu\/\" target=\"_blank\" rel=\"noopener\">www.hanse-parlament.eu<\/a><\/p>\n<hr \/>\n<h3 class=\"alignnone wp-image-62 size-medium\" style=\"text-align: center;\"><img loading=\"lazy\" decoding=\"async\" class=\"alignnone size-medium wp-image-63\" src=\"https:\/\/vois.erasmus.site\/wp-content\/uploads\/2022\/05\/cwep-300x300.png\" alt=\"\" width=\"300\" height=\"300\" srcset=\"https:\/\/vois.erasmus.site\/wp-content\/uploads\/2022\/05\/cwep.png 300w, https:\/\/vois.erasmus.site\/wp-content\/uploads\/2022\/05\/cwep-150x150.png 150w\" sizes=\"(max-width: 300px) 100vw, 300px\" \/><br \/>\nCentrum Wspierania Edukacji i Przedsi\u0119biorczo\u015bci (CWEP)<\/h3>\n<p>Center for Education And Entrepreneurship Support (CWEP) on valtiosta riippumaton j\u00e4rjest\u00f6, jonka perusti vuonna 2004 ryhm\u00e4 yritt\u00e4ji\u00e4, opettajia ja sosiaalisia aktivisteja Rzesz\u00f3wista, Puolasta. CWEP tekee yhteisty\u00f6t\u00e4 yritysten ja oppilaitosten kanssa. CWEP:n missiona on parantaa koulutuksen laatua kaikilla tasoilla ja kaikissa sen muodoissa sek\u00e4 edist\u00e4\u00e4 yritt\u00e4jyytt\u00e4 edist\u00e4\u00e4kseen mink\u00e4 tahansa yhteiskuntaryhm\u00e4n integroitumista sukupuoleen, ik\u00e4\u00e4n tai etniseen alkuper\u00e4\u00e4n riippumatta. Tavoitteena on erityisesti parantaa kaikkien ihmisten koulutuksen saatavuutta, laatua ja tehokkuutta, edist\u00e4\u00e4 ja my\u00f6t\u00e4vaikuttaa aikuiskoulutukseen, elinik\u00e4iseen oppimiseen, verkko-oppimiseen sek\u00e4 uusien teknologioiden k\u00e4ytt\u00f6\u00f6n koulutuksessa ja yritt\u00e4jyydess\u00e4. Yhdistys tekee yhteisty\u00f6t\u00e4 monien eurooppalaisten kumppaneiden kanssa vahvistaakseen yritysten taloudellista asemaa ja tarjoaa yrityksille on-line-alustoja.<\/p>\n<p>Verkkosivu: <a href=\"https:\/\/www.cwep.eu\" target=\"_blank\" rel=\"noopener\">www.cwep.eu<\/a><\/p>\n<hr \/>\n<h3 class=\"alignnone wp-image-62 size-medium\" style=\"text-align: center;\"><img loading=\"lazy\" decoding=\"async\" class=\"alignnone wp-image-67 size-medium\" src=\"https:\/\/vois.erasmus.site\/wp-content\/uploads\/2022\/05\/lut-300x300.png\" alt=\"\" width=\"300\" height=\"300\" srcset=\"https:\/\/vois.erasmus.site\/wp-content\/uploads\/2022\/05\/lut.png 300w, https:\/\/vois.erasmus.site\/wp-content\/uploads\/2022\/05\/lut-150x150.png 150w\" sizes=\"(max-width: 300px) 100vw, 300px\" \/><br \/>\nLUT University (Lappeenranta-Lahti University of Technology LUT)<\/h3>\n<p>LUT-yliopisto on uraauurtava tiedeyliopisto Suomessa, joka on yhdist\u00e4nyt tieteen ja elinkeinoaloja vuodesta 1969. Kansainv\u00e4lisess\u00e4 yhteis\u00f6ss\u00e4mme on noin 6 500 tieteellist\u00e4 tutkimusta ja akateemista koulutusta harjoittavaa opiskelijaa ja asiantuntijaa. Puhdas energia, vesi ja ilma ovat el\u00e4m\u00e4\u00e4 antavia resursseja, joihin LUT-yliopistossa etsimme uusia ratkaisuja teknologia- ja liiketoimintaosaamisellamme. Autamme yhteiskuntaa ja yrityksi\u00e4 niiden kest\u00e4v\u00e4ss\u00e4 uudistamisessa.<br \/>\nLUT:lla on vahvat yhteydet yritysmaailmaan. Edist\u00e4mme tieteellisen tutkimuksen synnytt\u00e4m\u00e4\u00e4 liiketoimintaa. T\u00e4m\u00e4n osoittaa yliopiston oma sijoitusyhti\u00f6 Green Campus Innovations, joka tukee LUT:n tutkimukseen perustuvia start-up-yrityksi\u00e4. Pyrimme olemaan koulutuksen edell\u00e4k\u00e4vij\u00e4 varmistamalla koulutusohjelmillemme kansainv\u00e4liset laatumerkit osoituksena opetuksen erinomaisuudesta.<br \/>\nVuonna 2002 perustettu LUT Kouvolan tutkimusyksikk\u00f6 on osallistunut useaan kansainv\u00e4liseen toimintaan. Se osallistuu projektiin osaamisellaan innovaatioiden hallinnassa, yhteisluomisessa, avoimessa innovaatiossa ja ekosysteemisuunnittelussa. Yksik\u00f6ll\u00e4 on laaja kokemus kandidaatin, maisterin ja tohtorin tutkinnoista sek\u00e4 opetussuunnitelmien kehitt\u00e4misest\u00e4. LUT-yliopistolla on my\u00f6s runsaasti kokemusta suurten kansainv\u00e4listen projektien johtamisesta Erasmus-, Horizon-, ITEA- ja muiden puitteiden puitteissa.<\/p>\n<p>LUT University<br \/>\nYliopistonkatu 34, 53850 Lappeenranta, Finland<br \/>\nVerkkosivu: <a href=\"http:\/\/lut.fi\" target=\"_blank\" rel=\"noopener\">www.lut.fi<\/a><br \/>\n+358 29 446 2111<\/p>\n<hr \/>\n<h3 class=\"alignnone wp-image-62 size-medium\" style=\"text-align: center;\"><img loading=\"lazy\" decoding=\"async\" class=\"alignnone wp-image-69 size-medium\" src=\"https:\/\/vois.erasmus.site\/wp-content\/uploads\/2022\/05\/ed-300x300.png\" alt=\"\" width=\"300\" height=\"300\" srcset=\"https:\/\/vois.erasmus.site\/wp-content\/uploads\/2022\/05\/ed.png 300w, https:\/\/vois.erasmus.site\/wp-content\/uploads\/2022\/05\/ed-150x150.png 150w\" sizes=\"(max-width: 300px) 100vw, 300px\" \/><br \/>\nE&amp;D Knowledge Consulting Lda. (Portugali)<\/h3>\n<p>E&amp;D Knowledge Consulting on konsultointi- ja ammatillinen koulutusyritys, joka on erikoistunut tukemaan innovaatioiden edist\u00e4miseen tarvittavien osaamisen kehitt\u00e4mist\u00e4 liike-el\u00e4m\u00e4ss\u00e4, julkisella ja sosiaalisella sektorilla. E&amp;D:n p\u00e4\u00e4toiminnot keskittyv\u00e4t tarjoamaan johtajille ja yritt\u00e4jille osaamista, tietoa ja ty\u00f6kaluja, joita tarvitaan innovaatiostrategioiden menestyksekk\u00e4\u00e4seen toteuttamiseen ja toteuttamiseen organisaatioissaan, mutta my\u00f6s innovaatioiden edist\u00e4miseen omassa ymp\u00e4rist\u00f6ss\u00e4\u00e4n.<br \/>\nE&amp;D on erikoistunut tukemaan organisaatioiden innovaatiotoiminnan k\u00e4ytt\u00f6\u00f6nottoa &#8211; innovaatioauditoinneista innovaatiostrategioiden m\u00e4\u00e4rittelyn ja toteuttamisen tukemisen kautta organisaatioiden yksil\u00f6llisiin tarpeisiin mukautettujen innovaatioprosessien ja -mekanismien kehitt\u00e4miseen. Se kiinnitt\u00e4\u00e4 erityist\u00e4 huomiota menestyv\u00e4n innovaation edellytt\u00e4mien taitojen ja osaamisen tarjoamiseen johtajien ja esimiesten sek\u00e4 ty\u00f6ntekij\u00f6iden keskuudessa.<br \/>\nVaikka E&amp;D:n tuotteet m\u00e4\u00e4ritell\u00e4\u00e4n yksil\u00f6llisesti kunkin organisaation erityistarpeiden perusteella, E&amp;D:n eniten k\u00e4sittelem\u00e4t aiheet kattavat:<br \/>\n&#8211; Luodaan asianmukainen ymm\u00e4rrys innovaatioista muiden kuin matalan teknologian aloilla (erityisesti matkailu- ja ravintola-alalla, maatalouselintarvike-, teollisuus- ja palvelualoilla) ammattilaisten keskuudessa ja heid\u00e4n kykyns\u00e4 toteuttaa innovaatioprosessia ja muuttaa innovaatiotoimintansa voitoksi (taloudellinen, kuten sek\u00e4 sosiaalinen),<br \/>\n&#8211; Liiketoimintamallien kehitt\u00e4minen ja innovointi keskittyen erityisesti niiden sovelluksiin markkinoiden muutosten sietokyvyn lis\u00e4\u00e4miseen ja innovaatioihin suuntautuvien strategioiden rakentamiseen taloudellisen kest\u00e4vyyden edist\u00e4miseksi,<br \/>\n&#8211; Luovien prosessien tukeminen ja innovaatioidea,<br \/>\n&#8211; Innovatiivisen ajattelutavan kehitt\u00e4minen yksil\u00f6iden ja organisaatioiden kesken,<br \/>\n&#8211; Innovaatiomekanismien ja -kulttuurin kehitt\u00e4minen,<br \/>\n&#8211; Yritt\u00e4jyyden ja pehmeiden taitojen kehitt\u00e4minen,<br \/>\n&#8211; Innovaatioyhteisty\u00f6 (taidot, mekanismit ja ty\u00f6kalut suhteiden rakentamiseen ja avoimeen innovaatioon).<\/p>\n<p>Verkkosivu: <a href=\"http:\/\/www.ed-knowledgeconsulting.com\/\" target=\"_blank\" rel=\"noopener\">www.ed-knowledgeconsulting.com<\/a><\/p>\n<hr \/>\n<h3 class=\"alignnone wp-image-62 size-medium\" style=\"text-align: center;\"><img loading=\"lazy\" decoding=\"async\" class=\"alignnone wp-image-70 size-medium\" src=\"https:\/\/vois.erasmus.site\/wp-content\/uploads\/2022\/05\/university-zagreb-300x300.png\" alt=\"\" width=\"300\" height=\"300\" srcset=\"https:\/\/vois.erasmus.site\/wp-content\/uploads\/2022\/05\/university-zagreb.png 300w, https:\/\/vois.erasmus.site\/wp-content\/uploads\/2022\/05\/university-zagreb-150x150.png 150w\" sizes=\"(max-width: 300px) 100vw, 300px\" \/><br \/>\nZagrebin yliopisto &#8211; Taloustieteellinen tiedekunta<\/h3>\n<p>Zagrebin yliopiston taloustieteellinen tiedekunta perustettiin vuonna 1920; Siten se on Kroatian tasavallan, mutta my\u00f6s laajemmassa kansainv\u00e4lisess\u00e4 kontekstissa, vanhin taloustieteen ja liiketalouden korkeakoulu. Zagrebin taloustieteellinen tiedekunta on yksi vuonna 1669 perustetun Zagrebin yliopiston 31 j\u00e4senest\u00e4, mik\u00e4 sijoittuu Euroopan vanhimpien yliopistojen ryhm\u00e4\u00e4n. Perustuu sen taloudellisen, yhteiskunnallisen ja poliittisen toiminnan tulosten, nykyisten opiskelijoiden ja alumniyhdistyksen j\u00e4senten lukum\u00e4\u00e4r\u00e4\u00e4n, professorien, apulaisty\u00f6ntekij\u00f6iden ja avustavien henkil\u00f6kunnan lukum\u00e4\u00e4r\u00e4\u00e4n ja p\u00e4tevyyteen, kansainv\u00e4lisiin akkreditointeihin sek\u00e4 moniin huippuekonomisteihin, johtajiin, yritt\u00e4jiin ja poliitikkoihin, Zagrebin taloustieteellinen tiedekunta on tunnustettu johtavaksi ja suurimmaksi talous- ja yrityskoulutuslaitokseksi Kroatian tasavallassa ja laajemmalla alueella.<\/p>\n<p>Zagrebin taloustieteellinen tiedekunta on 260 professorin ja osakkuusty\u00f6ntekij\u00e4n yhteis\u00f6, joka toteuttaat opinto-ohjelmia ja osallistuu erilaisiin tutkimusprojekteihin. Tiedekunnan asiantuntijapalveluissa on opetushenkil\u00f6st\u00f6n lis\u00e4ksi 115 ei-opetushenkil\u00f6st\u00f6\u00e4. Tiedekunnassa opiskelee t\u00e4ll\u00e4 hetkell\u00e4 yli 8 500 opiskelijaa kaikilla opintotasoilla ja vuosittain noin 1 500 opiskelijaa suorittaa opintojaan eri koulutusohjelmissa.<\/p>\n<p>Zagrebin taloustieteellisell\u00e4 tiedekunnalla on kansallinen akkreditointi, jonka ovat allekirjoittaneet Kroatian tiede- ja korkeakouluvirasto sek\u00e4 Kroatian tasavallan tiede- ja koulutusministeri\u00f6, mutta my\u00f6s kaksi kansainv\u00e4list\u00e4 akkreditointia, AACSB Business -akkreditointi laitostasolla, ja EPAS-akkreditointi yliopiston englannin kandidaatin tutkintoon.<\/p>\n<p>Verkkosivu: <a href=\"https:\/\/www.efzg.unizg.hr\/en\" target=\"_blank\" rel=\"noopener\">www.efzg.unizg.hr<\/a><\/p>","protected":false},"excerpt":{"rendered":"<p>assist Gesellschaft f\u00fcr Unternehmensberatung und Personalentwicklung mbH (assist GmbH) Assist GmbH on keskisuuri yksityinen osakeyhti\u00f6, jonka p\u00e4\u00e4konttori sijaitsee Paderbornissa, Keski-Saksassa. Yritys tarjoaa koulutusta kommunikointitaitojen, kulttuurienv\u00e4listen taitojen, johtamistaitojen sek\u00e4 kouluttajataitojen aloilla. Erityisen ainutlaatuinen myyntiehdotus on, ett\u00e4 assist GmbH pystyy tarjoamaan osaamisen kehitt\u00e4mist\u00e4 monilla eri kielill\u00e4. Asiakaskohderyhm\u00e4, johon Assist GmbH keskittyy, on ymp\u00e4ri Eurooppaa sijaitsevat, jotka haluavat&hellip;&nbsp;<a href=\"https:\/\/vois.erasmus.site\/fi\/partnership\/\" rel=\"bookmark\">Lue lis\u00e4\u00e4 &raquo;<span class=\"screen-reader-text\">Kumppanuus<\/span><\/a><\/p>\n","protected":false},"author":1,"featured_media":61,"parent":0,"menu_order":0,"comment_status":"closed","ping_status":"closed","template":"","meta":{"neve_meta_sidebar":"","neve_meta_container":"","neve_meta_enable_content_width":"off","neve_meta_content_width":100,"neve_meta_title_alignment":"","neve_meta_author_avatar":"","neve_post_elements_order":"","neve_meta_disable_header":"","neve_meta_disable_footer":"","neve_meta_disable_title":"","footnotes":""},"class_list":["post-56","page","type-page","status-publish","has-post-thumbnail","hentry"],"_links":{"self":[{"href":"https:\/\/vois.erasmus.site\/fi\/wp-json\/wp\/v2\/pages\/56","targetHints":{"allow":["GET"]}}],"collection":[{"href":"https:\/\/vois.erasmus.site\/fi\/wp-json\/wp\/v2\/pages"}],"about":[{"href":"https:\/\/vois.erasmus.site\/fi\/wp-json\/wp\/v2\/types\/page"}],"author":[{"embeddable":true,"href":"https:\/\/vois.erasmus.site\/fi\/wp-json\/wp\/v2\/users\/1"}],"replies":[{"embeddable":true,"href":"https:\/\/vois.erasmus.site\/fi\/wp-json\/wp\/v2\/comments?post=56"}],"version-history":[{"count":14,"href":"https:\/\/vois.erasmus.site\/fi\/wp-json\/wp\/v2\/pages\/56\/revisions"}],"predecessor-version":[{"id":180,"href":"https:\/\/vois.erasmus.site\/fi\/wp-json\/wp\/v2\/pages\/56\/revisions\/180"}],"wp:featuredmedia":[{"embeddable":true,"href":"https:\/\/vois.erasmus.site\/fi\/wp-json\/wp\/v2\/media\/61"}],"wp:attachment":[{"href":"https:\/\/vois.erasmus.site\/fi\/wp-json\/wp\/v2\/media?parent=56"}],"curies":[{"name":"wp","href":"https:\/\/api.w.org\/{rel}","templated":true}]}}