{"id":51,"date":"2022-05-26T09:52:17","date_gmt":"2022-05-26T09:52:17","guid":{"rendered":"https:\/\/vois.erasmus.site\/?page_id=51"},"modified":"2024-05-07T08:37:35","modified_gmt":"2024-05-07T08:37:35","slug":"results","status":"publish","type":"page","link":"https:\/\/vois.erasmus.site\/hr\/results\/","title":{"rendered":"Rezultati"},"content":{"rendered":"<p>Ciljevi projekta posti\u017eu se razvojem glavnog rezultata<\/p>\n<p><strong><a class=\"custom-button\" href=\"https:\/\/vois.erasmus.site\/platform\/\" target=\"_blank\" rel=\"noopener\">Virtual Open Innovation Environment<\/a><\/strong> je slo\u017eena platforma koja integrira alate za izgradnju profesionalnih otvorenih inovacijskih kompetencija me\u0111u menad\u017eerima u poljoprivredno-prehrambenom, kao i bioekonomskom sektoru i izravno \u0107e targetirati na aktivnostima usmjerenu potrebu za razvojem kompetencija. Nudi rje\u0161enje na jednom mjestu u 3 specifi\u010dna podru\u010dja koja se bave razli\u010ditim aspektima pripreme kako bi se suo\u010dili s izazovima otvorenih inovacija:<\/p>\n<p>&#8211; Podru\u010dje 1: Kapacitet za organizacijske otvorene inovacije usredoto\u010den na strategije\/metodologije otvorenih inovacija za mala i srednja poduze\u0107a i osposobljavanje sudionika da ih osmisle i implementiraju u svojim organizacijama<\/p>\n<p><a class=\"btn btn-primary\" href=\"https:\/\/vois.erasmus.site\/platform\/modules\/1\/\">Otvori<\/a><\/p>\n<p>&#8211; Podru\u010dje 2: Podru\u010dje razvoja menad\u017eera usmjereno na razvoj pojedina\u010dnih kompetencija otvorenih inovacija potrebnih za upravljanje aktivnostima u okviru otvorenih inovacija<\/p>\n<p><a class=\"btn btn-primary\" href=\"https:\/\/vois.erasmus.site\/platform\/modules\/2\/\">Otvori<\/a><\/p>\n<p>&#8211; Podru\u010dje 3: Open Innovation Repository &#8211; baza podataka o ve\u0107 dostupnim alatima za prikupljanje otvorenih inovacija i mjerama podr\u0161ke za mala i srednja poduze\u0107a. Pokriva ciljni sektor u svim uklju\u010denim zemljama i na razini EU.<\/p>\n<p><a class=\"btn btn-primary\" href=\"https:\/\/vois.erasmus.site\/platform\/repository\">Otvori<\/a><\/p>","protected":false},"excerpt":{"rendered":"<p>Ciljevi projekta posti\u017eu se razvojem glavnog rezultata Virtual Open Innovation Environment je slo\u017eena platforma koja integrira alate za izgradnju profesionalnih otvorenih inovacijskih kompetencija me\u0111u menad\u017eerima u poljoprivredno-prehrambenom, kao i bioekonomskom sektoru i izravno \u0107e targetirati na aktivnostima usmjerenu potrebu za razvojem kompetencija. Nudi rje\u0161enje na jednom mjestu u 3 specifi\u010dna podru\u010dja koja se bave razli\u010ditim&hellip;&nbsp;<a href=\"https:\/\/vois.erasmus.site\/hr\/results\/\" rel=\"bookmark\">Read More &raquo;<span class=\"screen-reader-text\">Rezultati<\/span><\/a><\/p>\n","protected":false},"author":1,"featured_media":18,"parent":0,"menu_order":0,"comment_status":"closed","ping_status":"closed","template":"","meta":{"neve_meta_sidebar":"","neve_meta_container":"","neve_meta_enable_content_width":"off","neve_meta_content_width":100,"neve_meta_title_alignment":"","neve_meta_author_avatar":"","neve_post_elements_order":"","neve_meta_disable_header":"","neve_meta_disable_footer":"","neve_meta_disable_title":"","footnotes":""},"class_list":["post-51","page","type-page","status-publish","has-post-thumbnail","hentry"],"_links":{"self":[{"href":"https:\/\/vois.erasmus.site\/hr\/wp-json\/wp\/v2\/pages\/51","targetHints":{"allow":["GET"]}}],"collection":[{"href":"https:\/\/vois.erasmus.site\/hr\/wp-json\/wp\/v2\/pages"}],"about":[{"href":"https:\/\/vois.erasmus.site\/hr\/wp-json\/wp\/v2\/types\/page"}],"author":[{"embeddable":true,"href":"https:\/\/vois.erasmus.site\/hr\/wp-json\/wp\/v2\/users\/1"}],"replies":[{"embeddable":true,"href":"https:\/\/vois.erasmus.site\/hr\/wp-json\/wp\/v2\/comments?post=51"}],"version-history":[{"count":11,"href":"https:\/\/vois.erasmus.site\/hr\/wp-json\/wp\/v2\/pages\/51\/revisions"}],"predecessor-version":[{"id":289,"href":"https:\/\/vois.erasmus.site\/hr\/wp-json\/wp\/v2\/pages\/51\/revisions\/289"}],"wp:featuredmedia":[{"embeddable":true,"href":"https:\/\/vois.erasmus.site\/hr\/wp-json\/wp\/v2\/media\/18"}],"wp:attachment":[{"href":"https:\/\/vois.erasmus.site\/hr\/wp-json\/wp\/v2\/media?parent=51"}],"curies":[{"name":"wp","href":"https:\/\/api.w.org\/{rel}","templated":true}]}}