{"id":56,"date":"2022-05-26T09:55:38","date_gmt":"2022-05-26T09:55:38","guid":{"rendered":"https:\/\/vois.erasmus.site\/?page_id=56"},"modified":"2022-08-28T19:47:26","modified_gmt":"2022-08-28T19:47:26","slug":"partnership","status":"publish","type":"page","link":"https:\/\/vois.erasmus.site\/hr\/partnership\/","title":{"rendered":"Partnerstvo"},"content":{"rendered":"<p><\/p>\n<h3 style=\"text-align: center;\"><img fetchpriority=\"high\" decoding=\"async\" class=\"size-medium wp-image-58 aligncenter\" src=\"https:\/\/vois.erasmus.site\/wp-content\/uploads\/2022\/05\/assist-300x300.png\" alt=\"\" width=\"300\" height=\"300\" srcset=\"https:\/\/vois.erasmus.site\/wp-content\/uploads\/2022\/05\/assist.png 300w, https:\/\/vois.erasmus.site\/wp-content\/uploads\/2022\/05\/assist-150x150.png 150w\" sizes=\"(max-width: 300px) 100vw, 300px\" \/><br \/>\nassist Gesellschaft f\u00fcr Unternehmensberatung und Personalentwicklung mbH (assist GmbH)<\/h3>\n<p>assist Gesellschaft f\u00fcr Unternehmensberatung und Personalentwicklung mbH (assist GmbH)\u00a0 Assist GmbH je srednje veliko privatno dru\u0161tvo s ograni\u010denom odgovorno\u0161\u0107u sa sjedi\u0161tem u Paderbornu, sredi\u0161nja Njema\u010dka. Tvrtka nudi obuku u podru\u010djima komunikacijskih vje\u0161tina, interkulturalnih vje\u0161tina, vje\u0161tina vo\u0111enja, kao i vje\u0161tina trenera. Posebna jedinstvena prodajna ponuda je da asist GmbH mo\u017ee ponuditi razvoj vje\u0161tina na \u0161irokom rasponu razli\u010ditih jezika. Ciljna skupina klijenata na koju se Assist GmbH fokusira su tvrtke diljem Europe koje bi \u017eeljele razviti vje\u0161tine i kompetencije svojih \u010dlanova tima. Assist GmbH ima iskustvo u razvoju materijala za obuku te u koordinaciji, provedbi, upravljanju kvalitetom i \u0161irenju EU projekata \u0161to je va\u017ean \u010dimbenik u takvim projektima te je bio uklju\u010den kao partner u mnoge Erasmus+ strate\u0161ke projekte.assist GmbH je uklju\u010den u potporu organizacijama u razvoju njihovih \u010dlanova tima i vo\u0111a. Ima dugogodi\u0161nje iskustvo u obuci IT stru\u010dnjaka u komunikacijskim temama: uklju\u010duju\u0107i komunikaciju, prezentaciju, facilitaciju, upravljanje sukobima.\u00a0 Posljedi\u010dno, Assist GmbH ima veliku stru\u010dnost u obu\u010davanju klju\u010dnih komunikacijskih tema za IT osoblje, uklju\u010duju\u0107i:<\/p>\n<p>&#8211; Komunikacijski principi<\/p>\n<p>&#8211; Izgradnja povjerenja<\/p>\n<p>&#8211; Empati\u010dno slu\u0161anje<\/p>\n<p>&#8211; Davanje i primanje uspje\u0161nih povratnih informacija<\/p>\n<p>&#8211; Motivacija putem komunikacije- Powertalking<\/p>\n<p>&#8211; Strategije utjecaja<\/p>\n<p>&#8211; Upravljanje sukobima na radnom mjestu<\/p>\n<p>&#8211; Pregovaranje na radnom mjestu<\/p>\n<p>&#8211; IT konzultant kao trener<\/p>\n<p>Web stranica: <a href=\"https:\/\/www.international-hr.de\/impressum\/\" target=\"_blank\" rel=\"noopener\">www.international-hr.de\/impressum\/<\/a><\/p>\n<hr \/>\n<h3><img loading=\"lazy\" decoding=\"async\" class=\"wp-image-178 size-medium aligncenter\" src=\"https:\/\/vois.erasmus.site\/wp-content\/uploads\/2022\/08\/heraklion-300x300.png\" alt=\"\" width=\"300\" height=\"300\" srcset=\"https:\/\/vois.erasmus.site\/wp-content\/uploads\/2022\/08\/heraklion.png 300w, https:\/\/vois.erasmus.site\/wp-content\/uploads\/2022\/08\/heraklion-150x150.png 150w, https:\/\/vois.erasmus.site\/wp-content\/uploads\/2022\/08\/heraklion-24x24.png 24w, https:\/\/vois.erasmus.site\/wp-content\/uploads\/2022\/08\/heraklion-36x36.png 36w, https:\/\/vois.erasmus.site\/wp-content\/uploads\/2022\/08\/heraklion-48x48.png 48w\" sizes=\"(max-width: 300px) 100vw, 300px\" \/><\/h3>\n<h3 style=\"text-align: center;\">Heraklion Chamber of Commerce and Industry (HCCI)<\/h3>\n<p>Herakliona jedna je od najve\u0107ih gospodarskih komora u Gr\u010dkoj i najve\u0107a neovisna organizacija za umre\u017eavanje i podr\u0161ku poslovanju na Kreti. Zastupanje interesa cca. Sa 22.000 \u010dlanova iz svih sektora gospodarstva, Gospodarska i industrijska komora Herakliona svojim \u010dlanovima nudi \u0161irok raspon prakti\u010dnih i profesionalnih savjetodavnih usluga. HCCI je javno tijelo osnovano 1918. godine, ne prima nikakve subvencije ni od jednog vladinog tijela i u potpunosti se financira doprinosima i naknadama svojih \u010dlanova te donacijama zajednice. Uloga HCCI-ja je da djeluje kao savjetnik i konzultant op\u0107e dr\u017eave za pitanja koja se ti\u010du \u200b\u200btrgovine, industrije i drugih pitanja relevantnih za gospodarski razvoj. Visoki prioritetni cilj Gospodarske i industrijske komore Herakliona je kontinuirano pobolj\u0161anje usluga koje pru\u017ea svojim \u010dlanovima, kako bi podr\u017eala njihovu ekonomsku dobrobit. HCCI je \u010dlan sljede\u0107ih me\u0111unarodnih tijela:<br \/>\nPoduzetni\u010dka europska mre\u017ea<br \/>\nMe\u0111unarodna gospodarska komora<br \/>\nEuro-Chambers \u2013 \u010clanica mre\u017ee Udruge Europskih trgova\u010dkih i industrijskih komora<br \/>\nInsuleur \u2013 Mre\u017ea oto\u010dnih trgova\u010dkih i industrijskih komora E.U.<br \/>\nArapsko-Helenska trgova\u010dka i razvojna komora<\/p>\n<p>Web stranica: <a href=\"http:\/\/www.ebeh.gr\" target=\"_blank\" rel=\"noopener\">www.ebeh.gr<\/a><\/p>\n<hr \/>\n<h3 style=\"text-align: center;\"><img decoding=\"async\" class=\"alignnone wp-image-62 size-medium\" src=\"https:\/\/vois.erasmus.site\/wp-content\/uploads\/2022\/05\/hp-300x300.png\" alt=\"\" width=\"300\" height=\"300\" srcset=\"https:\/\/vois.erasmus.site\/wp-content\/uploads\/2022\/05\/hp.png 300w, https:\/\/vois.erasmus.site\/wp-content\/uploads\/2022\/05\/hp-150x150.png 150w\" sizes=\"(max-width: 300px) 100vw, 300px\" \/><br \/>\nHanse-Parlament<\/h3>\n<p>Hanse-Parlament je udruga 50 komora industrije, trgovine i obrta iz 13 zemalja. \u010clanovi predstavljaju vi\u0161e od 475.000 malih i srednjih poduze\u0107a u cijeloj regiji Balti\u010dkog mora. Hanse-Parlament posve\u0107en je ja\u010danju gospodarskog u\u010dinka regije Balti\u010dkog mora op\u0107enito, a posebno promicanju malih i srednjih poduze\u0107a. Pobolj\u0161anje strukovnog osposobljavanja u EU poseban je prioritet. Tajni\u0161tvo sa sjedi\u0161tem u Hamburgu slu\u017ei kao servisni centar, think tank i razvojni odjel. Uz sudjelovanje predstavnika malih i srednjih poduze\u0107a, Hanse-Parlament neprestano razvija nove mjere potpore, posebice u podru\u010dju strukovnog osposobljavanja. Testira mjere s pojedinim partnerima, a zatim ih prenosi svim \u010dlanovima. \u010clanovi dobivaju obuku za trenere, kao i intenzivne savjete o provedbi od Hanse-Parlamenta. Na taj se na\u010din razvijaju i trajno provode nove mjere potpore usmjerene na potra\u017enju u cijeloj regiji Balti\u010dkog mora sa \u0161irokim u\u010dinkom. Hanse-Parlament djeluje od 1994. godine, me\u0111unarodna suradnja je dobro uspostavljena, a kroz organizaciju kao udruga posti\u017ee se visoka razina odr\u017eivosti. Na inicijativu Hanse-Parlamenta 2010. godine osnovana je Akademija Balti\u010dkog mora kojoj pripada 17 sveu\u010dili\u0161ta iz 9 zemalja Balti\u010dkog mora. \u010clanovi Akademije Balti\u010dkog mora provode dualne studijske programe, kao i zadatke istra\u017eivanja i razvoja za mala i srednja poduze\u0107a. Zajedno sa \u010dlanovima Hanse-Parlamenta, oni u\u010dinkovito oblikuju prijenos znanja i inovacija. Akademija Balti\u010dkog mora je odjel Hanse-Parlamenta. info@hanse-parlament.eu<\/p>\n<p>Tel: +49 40 82 24 47 0<\/p>\n<p>Web stranica: <a href=\"https:\/\/www.hanse-parlament.eu\/\" target=\"_blank\" rel=\"noopener\">www.hanse-parlament.eu<\/a><\/p>\n<hr \/>\n<h3 class=\"alignnone wp-image-62 size-medium\" style=\"text-align: center;\"><img loading=\"lazy\" decoding=\"async\" class=\"alignnone size-medium wp-image-63\" src=\"https:\/\/vois.erasmus.site\/wp-content\/uploads\/2022\/05\/cwep-300x300.png\" alt=\"\" width=\"300\" height=\"300\" srcset=\"https:\/\/vois.erasmus.site\/wp-content\/uploads\/2022\/05\/cwep.png 300w, https:\/\/vois.erasmus.site\/wp-content\/uploads\/2022\/05\/cwep-150x150.png 150w\" sizes=\"(max-width: 300px) 100vw, 300px\" \/><br \/>\nCentrum Wspierania Edukacji i Przedsi\u0119biorczo\u015bci (CWEP)<\/h3>\n<p>Centar za podr\u0161ku obrazovanju i poduzetni\u0161tvu (CWEP) je nevladina organizacija koju je 2004. osnovala grupa poduzetnika, u\u010ditelja i dru\u0161tvenih aktivista iz Rzesz\u00f3wa, Poljska. CWEP sura\u0111uje s gospodarskim subjektima i obrazovnim institucijama. Misija CWEP-a je pove\u0107ati kvalitetu edukacije na svim razinama iu svim oblicima, kao i promicati poduzetni\u0161tvo kako bi se potaknula integracija bilo koje dru\u0161tvene skupine, bez obzira na njihov spol, dob ili etni\u010dko podrijetlo. Konkretno, ciljevi su pobolj\u0161ati dostupnost, kvalitetu i u\u010dinkovitost obrazovanja svih ljudi, promovirati i doprinijeti obrazovanju odraslih, cjelo\u017eivotnom u\u010denju, e-u\u010denju i kori\u0161tenju novih tehnologija u obrazovanju i poduzetni\u0161tvu. Udruga sura\u0111uje s brojnim partnerima iz Europe u cilju ja\u010danja gospodarskog polo\u017eaja poduze\u0107a te osigurava on-line platforme za tvrtke.<\/p>\n<p>Web stranica: <a href=\"https:\/\/www.cwep.eu\" target=\"_blank\" rel=\"noopener\">www.cwep.eu<\/a><\/p>\n<hr \/>\n<h3 class=\"alignnone wp-image-62 size-medium\" style=\"text-align: center;\"><img loading=\"lazy\" decoding=\"async\" class=\"alignnone wp-image-67 size-medium\" src=\"https:\/\/vois.erasmus.site\/wp-content\/uploads\/2022\/05\/lut-300x300.png\" alt=\"\" width=\"300\" height=\"300\" srcset=\"https:\/\/vois.erasmus.site\/wp-content\/uploads\/2022\/05\/lut.png 300w, https:\/\/vois.erasmus.site\/wp-content\/uploads\/2022\/05\/lut-150x150.png 150w\" sizes=\"(max-width: 300px) 100vw, 300px\" \/><br \/>\nLUT University (Lappeenranta-Lahti University of Technology LUT)<\/h3>\n<p>Sveu\u010dili\u0161te LUT (Tehnolo\u0161ko sveu\u010dili\u0161te Lappeenranta-Lahti LUT) je pionirsko znanstveno sveu\u010dili\u0161te u Finskoj, koje okuplja podru\u010dja znanosti i poslovanja od 1969. Na\u0161a me\u0111unarodna zajednica sastoji se od pribli\u017eno 6500 studenata i stru\u010dnjaka koji se bave znanstvenim istra\u017eivanjem i akademskim obrazovanjem. \u010cista energija, voda i zrak \u017eivotvorni su resursi za koje mi na Sveu\u010dili\u0161tu LUT tra\u017eimo nova rje\u0161enja svojom stru\u010dno\u0161\u0107u u tehnologiji i poslovanju. Poma\u017eemo dru\u0161tvu i poduze\u0107ima u njihovoj odr\u017eivoj obnovi. LUT ima tradiciju jakih veza s poslovnom zajednicom. Promi\u010demo poslovanje generirano znanstvenim istra\u017eivanjima. To pokazuje vlastita investicijska tvrtka sveu\u010dili\u0161ta Green Campus Innovations, koja podupire LUT-ove start-up tvrtke temeljene na istra\u017eivanju. Cilj nam je biti prete\u010da u obrazovanju osiguravanjem me\u0111unarodnih oznaka kvalitete za na\u0161e diplomske programe kao znak izvrsnosti u nastavi.<br \/>\nIstra\u017eiva\u010dka jedinica LUT Kouvola, osnovana 2002. godine, sudjelovala je u mnogim me\u0111unarodnim aktivnostima. Pridonijet \u0107e projektu svojom stru\u010dno\u0161\u0107u u upravljanju inovacijama, sukreaciji, otvorenoj inovaciji, dizajnu ekosustava. Imamo veliko iskustvo u diplomskim, magistarskim i doktorskim studijama. razvoj kurikuluma. Sveu\u010dili\u0161te LUT tako\u0111er ima zna\u010dajno iskustvo u upravljanju velikim me\u0111unarodnim projektima unutar Erasmus, Horizon, ITEA i drugih okvira.<\/p>\n<p>LUT University<br \/>\nYliopistonkatu 34, 53850 Lappeenranta, Finland<br \/>\nWeb stranica: <a href=\"http:\/\/lut.fi\" target=\"_blank\" rel=\"noopener\">www.lut.fi<\/a><br \/>\n+358 29 446 2111<\/p>\n<hr \/>\n<h3 class=\"alignnone wp-image-62 size-medium\" style=\"text-align: center;\"><img loading=\"lazy\" decoding=\"async\" class=\"alignnone wp-image-69 size-medium\" src=\"https:\/\/vois.erasmus.site\/wp-content\/uploads\/2022\/05\/ed-300x300.png\" alt=\"\" width=\"300\" height=\"300\" srcset=\"https:\/\/vois.erasmus.site\/wp-content\/uploads\/2022\/05\/ed.png 300w, https:\/\/vois.erasmus.site\/wp-content\/uploads\/2022\/05\/ed-150x150.png 150w\" sizes=\"(max-width: 300px) 100vw, 300px\" \/><br \/>\nE&amp;D Knowledge Consulting Lda. (Portugal)<\/h3>\n<p>E&amp;D Knowledge Consulting je tvrtka za savjetovanje i stru\u010dno osposobljavanje specijalizirana za podr\u0161ku razvoju kompetencija potrebnih za poticanje inovacija u poslovnom, javnom i dru\u0161tvenom sektoru. Glavne aktivnosti E&amp;D-a usmjerene su na pru\u017eanje menad\u017eerima i poduzetnicima kompetencija, znanja i alata potrebnih za uspje\u0161nu provedbu i provedbu inovacijskih strategija u njihovim organizacijama, ali i za poticanje inovacija u svom okru\u017eenju.<br \/>\nE&amp;D je specijaliziran za potporu uvo\u0111enju inovativnog poslovanja organizacija &#8211; od revizija inovacija, preko potpore definiranju i provedbi inovacijskih strategija, do razvoja inovacijskih procesa i mehanizama prilago\u0111enih individualnim potrebama organizacija. Posebnu pozornost posve\u0107uje osiguravanju vje\u0161tina i kompetencija potrebnih za uspje\u0161nu inovaciju, me\u0111u voditeljima i menad\u017eerima, kao i zaposlenicima.<br \/>\nDok su proizvodi E&amp;D-a pojedina\u010dno definirani na temelju specifi\u010dnih potreba svake organizacije, teme kojima se E&amp;D najvi\u0161e pristupa uklju\u010duju:<\/p>\n<ul>\n<li>Izgradnja pravilnog razumijevanja inovacija me\u0111u profesionalcima u sektorima koji nisu i niskotehnolo\u0161ki (posebno u turizmu i ugostiteljstvu, poljoprivredno-prehrambenom, industrijskom i uslu\u017enom sektoru) i njihove sposobnosti da implementiraju inovacijski proces i svoje inovacijske napore pretvore u profit (financijski, npr. kao i dru\u0161tveni),<\/li>\n<li>Razvoj i inovativnost poslovnih modela, s posebnim naglaskom na njihovu primjenu za izgradnju otpornosti na promjene tr\u017ei\u0161ta i izgradnju inovativno orijentiranih strategija za ekonomsku odr\u017eivost,<\/li>\n<li>Podr\u0161ka kreativnim procesima i idejama za inovacije,<\/li>\n<li>Razvoj inovativnog razmi\u0161ljanja me\u0111u pojedincima i me\u0111u organizacijama,<\/li>\n<li>razvoj mehanizama i kulture za inovacije,<\/li>\n<li>Razvoj poduzetni\u010dkih i mekih vje\u0161tina,<\/li>\n<li>Suradnja za inovacije (vje\u0161tine, mehanizmi i alati za izgradnju odnosa i otvorene inovacije)<\/li>\n<\/ul>\n<p>Web stranica: <a href=\"http:\/\/www.ed-knowledgeconsulting.com\/\" target=\"_blank\" rel=\"noopener\">www.ed-knowledgeconsulting.com<\/a><\/p>\n<hr \/>\n<h3 class=\"alignnone wp-image-62 size-medium\" style=\"text-align: center;\"><img loading=\"lazy\" decoding=\"async\" class=\"alignnone wp-image-70 size-medium\" src=\"https:\/\/vois.erasmus.site\/wp-content\/uploads\/2022\/05\/university-zagreb-300x300.png\" alt=\"\" width=\"300\" height=\"300\" srcset=\"https:\/\/vois.erasmus.site\/wp-content\/uploads\/2022\/05\/university-zagreb.png 300w, https:\/\/vois.erasmus.site\/wp-content\/uploads\/2022\/05\/university-zagreb-150x150.png 150w\" sizes=\"(max-width: 300px) 100vw, 300px\" \/><br \/>\n&#8220;Sveu\u010dili\u0161te u Zagrebu \u2013 Ekonomski fakultet<\/h3>\n<p>Ekonomski fakultet Sveu\u010dili\u0161ta u Zagrebu osnovan je 1920. godine; stoga predstavlja najstariju visoko\u0161kolsku ustanovu ekonomije i gospodarstva u Republici Hrvatskoj, ali i u \u0161irem me\u0111unarodnom kontekstu. Ekonomski fakultet Zagreb jedna je od 31 sastavnice Sveu\u010dili\u0161ta u Zagrebu, osnovanog 1669. godine, \u0161to ga svrstava u grupu najstarijih sveu\u010dili\u0161ta u Europi. Na temelju rezultata gospodarskog, dru\u0161tvenog i politi\u010dkog djelovanja, broja dosada\u0161njih studenata i \u010dlanova Alumni dru\u0161tva, broja i kompetencija njegovih profesora, suradnika i prate\u0107eg osoblja, nagra\u0111enih me\u0111unarodnih akreditacija, te brojnih vrhunskih ekonomista, menad\u017eera, poduzetnicima i politi\u010darima, Ekonomski fakultet Zagreb prepoznat je kao vode\u0107a i najve\u0107a institucija ekonomskog i poslovnog obrazovanja u Republici Hrvatskoj, ali i \u0161iroj regiji. Ekonomski fakultet u Zagrebu zajednica je od 260 profesora i suradnika koji izvode studijske programe i sudjeluju u raznim znanstvenim projektima. Uz nastavno osoblje, u stru\u010dne slu\u017ebe Fakulteta raspore\u0111eno je 115 \u010dlanova nenastavnog osoblja. Fakultet trenutno poha\u0111a vi\u0161e od 8500 studenata na svim razinama studija, a svake godine oko 1500 studenata zavr\u0161i studij na razli\u010ditim studijskim programima.<\/p>\n<p>Ekonomski fakultet Zagreb nositelj je nacionalne akreditacije koju potpisuju Hrvatska agencija za znanost i visoko obrazovanje i Ministarstvo znanosti i obrazovanja RH, ali i dvije me\u0111unarodne akreditacije, AACSB Business akreditacija na razini ustanove, i EPAS akreditacija za sveu\u010dili\u0161ni studijski program na engleskom prvostupni\u010dkom diplomom poslovnog jezika.<\/p>\n<p>Web stranica: <a href=\"https:\/\/www.efzg.unizg.hr\/en\" target=\"_blank\" rel=\"noopener\">www.efzg.unizg.hr<\/a><\/p>","protected":false},"excerpt":{"rendered":"<p>assist Gesellschaft f\u00fcr Unternehmensberatung und Personalentwicklung mbH (assist GmbH) assist Gesellschaft f\u00fcr Unternehmensberatung und Personalentwicklung mbH (assist GmbH)\u00a0 Assist GmbH je srednje veliko privatno dru\u0161tvo s ograni\u010denom odgovorno\u0161\u0107u sa sjedi\u0161tem u Paderbornu, sredi\u0161nja Njema\u010dka. Tvrtka nudi obuku u podru\u010djima komunikacijskih vje\u0161tina, interkulturalnih vje\u0161tina, vje\u0161tina vo\u0111enja, kao i vje\u0161tina trenera. Posebna jedinstvena prodajna ponuda je da&hellip;&nbsp;<a href=\"https:\/\/vois.erasmus.site\/hr\/partnership\/\" rel=\"bookmark\">Read More &raquo;<span class=\"screen-reader-text\">Partnerstvo<\/span><\/a><\/p>\n","protected":false},"author":1,"featured_media":61,"parent":0,"menu_order":0,"comment_status":"closed","ping_status":"closed","template":"","meta":{"neve_meta_sidebar":"","neve_meta_container":"","neve_meta_enable_content_width":"off","neve_meta_content_width":100,"neve_meta_title_alignment":"","neve_meta_author_avatar":"","neve_post_elements_order":"","neve_meta_disable_header":"","neve_meta_disable_footer":"","neve_meta_disable_title":"","footnotes":""},"class_list":["post-56","page","type-page","status-publish","has-post-thumbnail","hentry"],"_links":{"self":[{"href":"https:\/\/vois.erasmus.site\/hr\/wp-json\/wp\/v2\/pages\/56","targetHints":{"allow":["GET"]}}],"collection":[{"href":"https:\/\/vois.erasmus.site\/hr\/wp-json\/wp\/v2\/pages"}],"about":[{"href":"https:\/\/vois.erasmus.site\/hr\/wp-json\/wp\/v2\/types\/page"}],"author":[{"embeddable":true,"href":"https:\/\/vois.erasmus.site\/hr\/wp-json\/wp\/v2\/users\/1"}],"replies":[{"embeddable":true,"href":"https:\/\/vois.erasmus.site\/hr\/wp-json\/wp\/v2\/comments?post=56"}],"version-history":[{"count":14,"href":"https:\/\/vois.erasmus.site\/hr\/wp-json\/wp\/v2\/pages\/56\/revisions"}],"predecessor-version":[{"id":180,"href":"https:\/\/vois.erasmus.site\/hr\/wp-json\/wp\/v2\/pages\/56\/revisions\/180"}],"wp:featuredmedia":[{"embeddable":true,"href":"https:\/\/vois.erasmus.site\/hr\/wp-json\/wp\/v2\/media\/61"}],"wp:attachment":[{"href":"https:\/\/vois.erasmus.site\/hr\/wp-json\/wp\/v2\/media?parent=56"}],"curies":[{"name":"wp","href":"https:\/\/api.w.org\/{rel}","templated":true}]}}