{"id":51,"date":"2022-05-26T09:52:17","date_gmt":"2022-05-26T09:52:17","guid":{"rendered":"https:\/\/vois.erasmus.site\/?page_id=51"},"modified":"2024-05-07T08:37:35","modified_gmt":"2024-05-07T08:37:35","slug":"results","status":"publish","type":"page","link":"https:\/\/vois.erasmus.site\/pl\/results\/","title":{"rendered":"Wyniki"},"content":{"rendered":"<p>Cele projektu s\u0105 osi\u0105gane poprzez opracowanie jednego g\u0142\u00f3wnego rezultatu<\/p>\n<p><strong><a class=\"custom-button\" href=\"https:\/\/vois.erasmus.site\/platform\/\" target=\"_blank\" rel=\"noopener\">Wirtualne \u015arodowisko Otwartych Innowacji<\/a><\/strong> jest kompleksow\u0105 platform\u0105 integruj\u0105c\u0105 narz\u0119dzia do budowania profesjonalnych kompetencji w zakresie otwartych innowacji w\u015br\u00f3d mened\u017cer\u00f3w sektora rolno-spo\u017cywczego, jak r\u00f3wnie\u017c sektora biogospodarki i b\u0119dzie bezpo\u015brednio ukierunkowane na potrzeb\u0119 rozwoju kompetencji zorientowanych na dzia\u0142anie. Oferuje ona rozwi\u0105zanie typu &#8222;one-stop&#8221; z 3 konkretnymi obszarami odnosz\u0105cymi si\u0119 do r\u00f3\u017cnych aspekt\u00f3w przygotowania w celu sprostania wyzwaniom otwartej innowacji:<\/p>\n<p>&#8211; Obszar 1: Capacitation for Organisational Open Innovation skupiaj\u0105cy si\u0119 na strategiach\/metodologiach otwartej innowacji dla M\u015aP i uzdolnieniu uczestnik\u00f3w do projektowania i wdra\u017cania ich w swoich organizacjach<\/p>\n<p><a class=\"btn btn-primary\" href=\"https:\/\/vois.erasmus.site\/platform\/modules\/1\/\">Otw\u00f3rz<\/a><\/p>\n<p>&#8211; Obszar 2: Obszar Rozwoju Mened\u017cer\u00f3w skoncentrowany na rozwoju indywidualnych kompetencji w zakresie Otwartych Innowacji wymaganych przy zarz\u0105dzaniu dzia\u0142aniami w zakresie otwartych innowacji<\/p>\n<p><a class=\"btn btn-primary\" href=\"https:\/\/vois.erasmus.site\/platform\/modules\/2\/\">Otw\u00f3rz<\/a><\/p>\n<p>&#8211; Obszar 3: Repozytorium Otwartych Innowacji &#8211; baza danych o otwartych innowacjach gromadz\u0105ca ju\u017c dost\u0119pne narz\u0119dzia i \u015brodki wsparcia dla M\u015aP. Obejmuje sektor docelowy we wszystkich zaanga\u017cowanych krajach oraz na poziomie UE.<\/p>\n<p><a class=\"btn btn-primary\" href=\"https:\/\/vois.erasmus.site\/platform\/repository\">Otw\u00f3rz<\/a><\/p>","protected":false},"excerpt":{"rendered":"<p>Cele projektu s\u0105 osi\u0105gane poprzez opracowanie jednego g\u0142\u00f3wnego rezultatu Wirtualne \u015arodowisko Otwartych Innowacji jest kompleksow\u0105 platform\u0105 integruj\u0105c\u0105 narz\u0119dzia do budowania profesjonalnych kompetencji w zakresie otwartych innowacji w\u015br\u00f3d mened\u017cer\u00f3w sektora rolno-spo\u017cywczego, jak r\u00f3wnie\u017c sektora biogospodarki i b\u0119dzie bezpo\u015brednio ukierunkowane na potrzeb\u0119 rozwoju kompetencji zorientowanych na dzia\u0142anie. Oferuje ona rozwi\u0105zanie typu &#8222;one-stop&#8221; z 3 konkretnymi obszarami odnosz\u0105cymi&hellip;&nbsp;<a href=\"https:\/\/vois.erasmus.site\/pl\/results\/\" rel=\"bookmark\">Dowiedz si\u0119 wi\u0119cej &raquo;<span class=\"screen-reader-text\">Wyniki<\/span><\/a><\/p>\n","protected":false},"author":1,"featured_media":18,"parent":0,"menu_order":0,"comment_status":"closed","ping_status":"closed","template":"","meta":{"neve_meta_sidebar":"","neve_meta_container":"","neve_meta_enable_content_width":"off","neve_meta_content_width":100,"neve_meta_title_alignment":"","neve_meta_author_avatar":"","neve_post_elements_order":"","neve_meta_disable_header":"","neve_meta_disable_footer":"","neve_meta_disable_title":"","footnotes":""},"class_list":["post-51","page","type-page","status-publish","has-post-thumbnail","hentry"],"_links":{"self":[{"href":"https:\/\/vois.erasmus.site\/pl\/wp-json\/wp\/v2\/pages\/51","targetHints":{"allow":["GET"]}}],"collection":[{"href":"https:\/\/vois.erasmus.site\/pl\/wp-json\/wp\/v2\/pages"}],"about":[{"href":"https:\/\/vois.erasmus.site\/pl\/wp-json\/wp\/v2\/types\/page"}],"author":[{"embeddable":true,"href":"https:\/\/vois.erasmus.site\/pl\/wp-json\/wp\/v2\/users\/1"}],"replies":[{"embeddable":true,"href":"https:\/\/vois.erasmus.site\/pl\/wp-json\/wp\/v2\/comments?post=51"}],"version-history":[{"count":11,"href":"https:\/\/vois.erasmus.site\/pl\/wp-json\/wp\/v2\/pages\/51\/revisions"}],"predecessor-version":[{"id":289,"href":"https:\/\/vois.erasmus.site\/pl\/wp-json\/wp\/v2\/pages\/51\/revisions\/289"}],"wp:featuredmedia":[{"embeddable":true,"href":"https:\/\/vois.erasmus.site\/pl\/wp-json\/wp\/v2\/media\/18"}],"wp:attachment":[{"href":"https:\/\/vois.erasmus.site\/pl\/wp-json\/wp\/v2\/media?parent=51"}],"curies":[{"name":"wp","href":"https:\/\/api.w.org\/{rel}","templated":true}]}}