{"id":56,"date":"2022-05-26T09:55:38","date_gmt":"2022-05-26T09:55:38","guid":{"rendered":"https:\/\/vois.erasmus.site\/?page_id=56"},"modified":"2022-08-28T19:47:26","modified_gmt":"2022-08-28T19:47:26","slug":"partnership","status":"publish","type":"page","link":"https:\/\/vois.erasmus.site\/pl\/partnership\/","title":{"rendered":"Partnerstwo"},"content":{"rendered":"<p><\/p>\n<h3 style=\"text-align: center;\"><img fetchpriority=\"high\" decoding=\"async\" class=\"size-medium wp-image-58 aligncenter\" src=\"https:\/\/vois.erasmus.site\/wp-content\/uploads\/2022\/05\/assist-300x300.png\" alt=\"\" width=\"300\" height=\"300\" srcset=\"https:\/\/vois.erasmus.site\/wp-content\/uploads\/2022\/05\/assist.png 300w, https:\/\/vois.erasmus.site\/wp-content\/uploads\/2022\/05\/assist-150x150.png 150w\" sizes=\"(max-width: 300px) 100vw, 300px\" \/><br \/>\nassist Gesellschaft f\u00fcr Unternehmensberatung und Personalentwicklung mbH (assist GmbH)<\/h3>\n<p>Assist GmbH jest \u015bredniej wielko\u015bci sp\u00f3\u0142k\u0105 z ograniczon\u0105 odpowiedzialno\u015bci\u0105 z siedzib\u0105 w Paderborn, w \u015brodkowych Niemczech. Firma oferuje szkolenia w zakresie umiej\u0119tno\u015bci komunikacyjnych, umiej\u0119tno\u015bci mi\u0119dzykulturowych, umiej\u0119tno\u015bci przyw\u00f3dczych, jak r\u00f3wnie\u017c umiej\u0119tno\u015bci trenerskich. Szczeg\u00f3ln\u0105 zalet\u0105 jest to, \u017ce assist GmbH mo\u017ce zaoferowa\u0107 rozw\u00f3j umiej\u0119tno\u015bci w wielu r\u00f3\u017cnych j\u0119zykach. Grup\u0105 docelow\u0105 klient\u00f3w, na kt\u00f3rej skupia si\u0119 assist GmbH s\u0105 firmy z ca\u0142ej Europy, kt\u00f3re chcia\u0142yby rozwija\u0107 umiej\u0119tno\u015bci i kompetencje swoich cz\u0142onk\u00f3w zespo\u0142u. assist GmbH posiada do\u015bwiadczenie w opracowywaniu materia\u0142\u00f3w szkoleniowych, a tak\u017ce w koordynacji, wdra\u017caniu, zarz\u0105dzaniu jako\u015bci\u0105 i rozpowszechnianiu projekt\u00f3w UE, co jest wa\u017cnym czynnikiem w takich projektach i by\u0142a zaanga\u017cowana jako partner w wielu projektach strategicznych Erasmus+.<br \/>\nassist GmbH zajmuje si\u0119 wspieraniem organizacji w rozwoju ich cz\u0142onk\u00f3w zespo\u0142\u00f3w i lider\u00f3w. Posiada wieloletnie do\u015bwiadczenie w szkoleniu ekspert\u00f3w IT w tematach komunikacyjnych: m.in. komunikacja, prezentacja, facylitacja, zarz\u0105dzanie konfliktem.<br \/>\nW zwi\u0105zku z tym assist GmbH posiada du\u017ce do\u015bwiadczenie w szkoleniu pracownik\u00f3w IT w zakresie podstawowych temat\u00f3w komunikacyjnych, w tym:<br \/>\n&#8211; Zasady komunikacji<br \/>\n&#8211; Budowanie zaufania<br \/>\n&#8211; Empatyczny s\u0142uch<br \/>\n&#8211; Udzielanie i przyjmowanie skutecznych informacji zwrotnych<br \/>\n&#8211; Motywowanie poprzez komunikacj\u0119<br \/>\n&#8211; Powertalking<br \/>\n&#8211; Strategie wywierania wp\u0142ywu<br \/>\n&#8211; Zarz\u0105dzanie konfliktami w miejscu pracy<br \/>\n&#8211; Negocjacje w miejscu pracy<br \/>\n&#8211; Konsultant IT jako trener<\/p>\n<p>Strona internetowa: <a href=\"https:\/\/www.international-hr.de\/impressum\/\" target=\"_blank\" rel=\"noopener\">www.international-hr.de\/impressum\/<\/a><\/p>\n<hr \/>\n<h3><img loading=\"lazy\" decoding=\"async\" class=\"wp-image-178 size-medium aligncenter\" src=\"https:\/\/vois.erasmus.site\/wp-content\/uploads\/2022\/08\/heraklion-300x300.png\" alt=\"\" width=\"300\" height=\"300\" srcset=\"https:\/\/vois.erasmus.site\/wp-content\/uploads\/2022\/08\/heraklion.png 300w, https:\/\/vois.erasmus.site\/wp-content\/uploads\/2022\/08\/heraklion-150x150.png 150w, https:\/\/vois.erasmus.site\/wp-content\/uploads\/2022\/08\/heraklion-24x24.png 24w, https:\/\/vois.erasmus.site\/wp-content\/uploads\/2022\/08\/heraklion-36x36.png 36w, https:\/\/vois.erasmus.site\/wp-content\/uploads\/2022\/08\/heraklion-48x48.png 48w\" sizes=\"(max-width: 300px) 100vw, 300px\" \/><\/h3>\n<h3 style=\"text-align: center;\">Izba Handlowa i Przemys\u0142owa w Heraklionie (HCCI)<\/h3>\n<p>Heraklion Chamber of Commerce and Industry jest jedn\u0105 z najwi\u0119kszych izb handlowych w Grecji i najwi\u0119ksz\u0105 niezale\u017cn\u0105 organizacj\u0105 sieciow\u0105 i wspieraj\u0105c\u0105 biznes na Krecie. Reprezentuj\u0105c interesy oko\u0142o 22.000 cz\u0142onk\u00f3w ze wszystkich sektor\u00f3w gospodarki, Heraklion Chamber of Commerce and Industry oferuje swoim cz\u0142onkom szeroki zakres praktycznych i profesjonalnych us\u0142ug doradczych. HCCI jest instytucj\u0105 publiczn\u0105 za\u0142o\u017con\u0105 w 1918 r., nie otrzymuje dotacji od \u017cadnego organu rz\u0105dowego i jest finansowana w ca\u0142o\u015bci ze sk\u0142adek i op\u0142at cz\u0142onk\u00f3w oraz z dotacji wsp\u00f3lnotowych. Rol\u0105 HCCI jest dzia\u0142anie jako doradca i konsultant rz\u0105du w sprawach dotycz\u0105cych handlu, przemys\u0142u i innych kwestii zwi\u0105zanych z rozwojem gospodarczym. Priorytetowym celem Izby Handlu i Przemys\u0142u w Heraklionie jest ci\u0105g\u0142e doskonalenie us\u0142ug \u015bwiadczonych na rzecz swoich cz\u0142onk\u00f3w w celu wspierania ich dobrobytu gospodarczego.<br \/>\nHCCI jest cz\u0142onkiem nast\u0119puj\u0105cych organizacji mi\u0119dzynarodowych:<br \/>\nEnterprise Europe Network<br \/>\nMi\u0119dzynarodowa Izba Handlowa<br \/>\nEuro-Chambers &#8211; Cz\u0142onek sieci Stowarzyszenia Europejskich Izb Handlu i Przemys\u0142u<br \/>\nInsuleur &#8211; Sie\u0107 Wyspiarskich Izb Przemys\u0142owo-Handlowych Unii Europejskiej.<br \/>\nArabsko-Heli\u0144ska Izba Handlu i Rozwoju<\/p>\n<p>Strona internetowa: <a href=\"http:\/\/www.ebeh.gr\" target=\"_blank\" rel=\"noopener\">www.ebeh.gr<\/a><\/p>\n<hr \/>\n<h3 style=\"text-align: center;\"><img decoding=\"async\" class=\"alignnone wp-image-62 size-medium\" src=\"https:\/\/vois.erasmus.site\/wp-content\/uploads\/2022\/05\/hp-300x300.png\" alt=\"\" width=\"300\" height=\"300\" srcset=\"https:\/\/vois.erasmus.site\/wp-content\/uploads\/2022\/05\/hp.png 300w, https:\/\/vois.erasmus.site\/wp-content\/uploads\/2022\/05\/hp-150x150.png 150w\" sizes=\"(max-width: 300px) 100vw, 300px\" \/><br \/>\nHanse-Parlament<\/h3>\n<p>Hanse-Parlament jest zwi\u0105zkiem 50 izb przemys\u0142owych, handlowych i rzemie\u015blniczych z 13 kraj\u00f3w. Cz\u0142onkowie reprezentuj\u0105 ponad 475.000 ma\u0142ych i \u015brednich przedsi\u0119biorstw w ca\u0142ym regionie Morza Ba\u0142tyckiego. Celem Hanse-Parlament jest og\u00f3lne wzmocnienie wynik\u00f3w gospodarczych regionu Morza Ba\u0142tyckiego i wspieranie ma\u0142ych i \u015brednich przedsi\u0119biorstw. Szczeg\u00f3lnym priorytetem jest poprawa kszta\u0142cenia zawodowego w UE. Silny sekretariat z siedzib\u0105 w Hamburgu s\u0142u\u017cy jako centrum us\u0142ug, think tank i dzia\u0142 rozwoju. Przy udziale przedstawicieli M\u015aP Parlament Hanzeatycki opracowuje stale nowe \u015brodki wsparcia, szczeg\u00f3lnie w zakresie kszta\u0142cenia zawodowego. Dzia\u0142ania te s\u0105 testowane u poszczeg\u00f3lnych partner\u00f3w, a nast\u0119pnie przekazywane wszystkim cz\u0142onkom. Cz\u0142onkowie otrzymuj\u0105 od Parlamentu Hanzeatyckiego szkolenia dla trener\u00f3w oraz intensywne doradztwo w zakresie wdra\u017cania. W ten spos\u00f3b w ca\u0142ym regionie Morza Ba\u0142tyckiego opracowywane s\u0105 i wdra\u017cane na sta\u0142e nowe, zorientowane na zapotrzebowanie \u015brodki wsparcia o szerokim oddzia\u0142ywaniu.<br \/>\nParlament Hanzeatycki istnieje od 1994 r., wsp\u00f3\u0142praca mi\u0119dzynarodowa jest dobrze ugruntowana, a organizacja jako zwi\u0105zek osi\u0105ga wysoki stopie\u0144 trwa\u0142o\u015bci. Z inicjatywy Hanse-Parlament w 2010 roku powsta\u0142a Akademia Morza Ba\u0142tyckiego, do kt\u00f3rej nale\u017cy 17 uniwersytet\u00f3w z 9 kraj\u00f3w nadba\u0142tyckich. Cz\u0142onkowie Baltic Sea Academy realizuj\u0105 podw\u00f3jne programy studi\u00f3w, jak r\u00f3wnie\u017c zadania badawczo-rozwojowe dla ma\u0142ych i \u015brednich przedsi\u0119biorstw. Wsp\u00f3lnie z cz\u0142onkami Parlamentu Hanzeatyckiego skutecznie kszta\u0142tuj\u0105 transfer wiedzy i innowacji. Baltic Sea Academy jest departamentem Hanse-Parlament. info@hanse-parlament.eu<\/p>\n<p>Tel: +49 40 82 24 47 0<\/p>\n<p>Strona internetowa: <a href=\"https:\/\/www.hanse-parlament.eu\/\" target=\"_blank\" rel=\"noopener\">www.hanse-parlament.eu<\/a><\/p>\n<hr \/>\n<h3 class=\"alignnone wp-image-62 size-medium\" style=\"text-align: center;\"><img loading=\"lazy\" decoding=\"async\" class=\"alignnone size-medium wp-image-63\" src=\"https:\/\/vois.erasmus.site\/wp-content\/uploads\/2022\/05\/cwep-300x300.png\" alt=\"\" width=\"300\" height=\"300\" srcset=\"https:\/\/vois.erasmus.site\/wp-content\/uploads\/2022\/05\/cwep.png 300w, https:\/\/vois.erasmus.site\/wp-content\/uploads\/2022\/05\/cwep-150x150.png 150w\" sizes=\"(max-width: 300px) 100vw, 300px\" \/><br \/>\nCentrum Wspierania Edukacji i Przedsi\u0119biorczo\u015bci (CWEP)<\/h3>\n<p>Centrum Wspierania Edukacji i Przedsi\u0119biorczo\u015bci (CWEP) to organizacja pozarz\u0105dowa za\u0142o\u017cona w 2004r. przez grup\u0119 przedsi\u0119biorc\u00f3w, nauczycieli i dzia\u0142aczy spo\u0142ecznych z Rzeszowa. CWEP wsp\u00f3\u0142pracuje z firmami i organizacjami edukacyjnymi. Misj\u0105 stowarzyszenia jest wzrost jako\u015bci szkole\u0144 i kszta\u0142cenia na ka\u017cdym poziomie i w ka\u017cdej formie, jak r\u00f3wnie\u017c promowanie przedsi\u0119biorczo\u015bci oraz integracji grup spo\u0142ecznych niezale\u017cnie od wieku, p\u0142ci czy pochodzenia. Szczeg\u00f3\u0142owe cele stowarzyszenia to zwi\u0119kszenie dost\u0119pno\u015bci, jako\u015bci i skuteczno\u015bci kszta\u0142cenia we wszystkich grupach wiekowych, promocja i wsparcie kszta\u0142cenia os\u00f3b doros\u0142ych, uczenie si\u0119 przez ca\u0142e \u017cycie, e-learning i wykorzystanie nowoczesnych technologii w edukacji. Stowarzyszenie wsp\u00f3\u0142pracuje z wieloma partnerami z ca\u0142ej Europy, wzmacniaj\u0105c pozycj\u0119 ekonomiczn\u0105 przedsi\u0119biorstw oraz dostarczaj\u0105c innowacyjne platformy internetowe.<\/p>\n<p>Strona internetowa: <a href=\"https:\/\/www.cwep.eu\" target=\"_blank\" rel=\"noopener\">www.cwep.eu<\/a><\/p>\n<hr \/>\n<h3 class=\"alignnone wp-image-62 size-medium\" style=\"text-align: center;\"><img loading=\"lazy\" decoding=\"async\" class=\"alignnone wp-image-67 size-medium\" src=\"https:\/\/vois.erasmus.site\/wp-content\/uploads\/2022\/05\/lut-300x300.png\" alt=\"\" width=\"300\" height=\"300\" srcset=\"https:\/\/vois.erasmus.site\/wp-content\/uploads\/2022\/05\/lut.png 300w, https:\/\/vois.erasmus.site\/wp-content\/uploads\/2022\/05\/lut-150x150.png 150w\" sizes=\"(max-width: 300px) 100vw, 300px\" \/><br \/>\nLUT University (Lappeenranta-Lahti University of Technology LUT)<\/h3>\n<p>Uniwersytet LUT (Lappeenranta-Lahti University of Technology LUT) jest pionierskim uniwersytetem naukowym w Finlandii, \u0142\u0105cz\u0105cym dziedziny nauki i biznesu od 1969 roku. Nasza mi\u0119dzynarodowa spo\u0142eczno\u015b\u0107 sk\u0142ada si\u0119 z oko\u0142o 6 500 student\u00f3w i ekspert\u00f3w zaanga\u017cowanych w badania naukowe i edukacj\u0119 akademick\u0105. Czysta energia, woda i powietrze to \u017cyciodajne zasoby, dla kt\u00f3rych my na Uniwersytecie LUT szukamy nowych rozwi\u0105za\u0144 dzi\u0119ki naszej wiedzy z zakresu technologii i biznesu. Pomagamy spo\u0142ecze\u0144stwu i przedsi\u0119biorstwom w ich zr\u00f3wnowa\u017conej odnowie.<br \/>\nLUT ma tradycj\u0119 silnych powi\u0105za\u0144 ze \u015brodowiskiem biznesowym. Promujemy biznes generowany przez badania naukowe. Dowodem na to jest w\u0142asna sp\u00f3\u0142ka inwestycyjna uniwersytetu Green Campus Innovations, kt\u00f3ra wspiera firmy startowe LUT oparte na badaniach naukowych. Chcemy by\u0107 prekursorem w edukacji, zabezpieczaj\u0105c mi\u0119dzynarodowe znaki jako\u015bci dla naszych program\u00f3w studi\u00f3w jako znak doskona\u0142o\u015bci nauczania.<br \/>\nJednostka badawcza LUT Kouvola, za\u0142o\u017cona w 2002 roku, uczestniczy\u0142a w wielu mi\u0119dzynarodowych dzia\u0142aniach. Przyczyni si\u0119 do projektu dzi\u0119ki swojej wiedzy w zakresie zarz\u0105dzania innowacjami, wsp\u00f3\u0142tworzenia, otwartych innowacji, projektowania ekosystem\u00f3w. Mamy du\u017ce do\u015bwiadczenie w opracowywaniu program\u00f3w nauczania na poziomie licencjackim, magisterskim i doktoranckim. Uniwersytet LUT ma r\u00f3wnie\u017c znacz\u0105ce do\u015bwiadczenie w zarz\u0105dzaniu du\u017cymi mi\u0119dzynarodowymi projektami w ramach Erasmus, Horizon, ITEA i innych.<\/p>\n<p>LUT University<br \/>\nYliopistonkatu 34, 53850 Lappeenranta, Finland<br \/>\nStrona internetowa: <a href=\"http:\/\/lut.fi\" target=\"_blank\" rel=\"noopener\">www.lut.fi<\/a><br \/>\n+358 29 446 2111<\/p>\n<hr \/>\n<h3 class=\"alignnone wp-image-62 size-medium\" style=\"text-align: center;\"><img loading=\"lazy\" decoding=\"async\" class=\"alignnone wp-image-69 size-medium\" src=\"https:\/\/vois.erasmus.site\/wp-content\/uploads\/2022\/05\/ed-300x300.png\" alt=\"\" width=\"300\" height=\"300\" srcset=\"https:\/\/vois.erasmus.site\/wp-content\/uploads\/2022\/05\/ed.png 300w, https:\/\/vois.erasmus.site\/wp-content\/uploads\/2022\/05\/ed-150x150.png 150w\" sizes=\"(max-width: 300px) 100vw, 300px\" \/><br \/>\nE&amp;D Knowledge Consulting Lda. (Portugalia)<\/h3>\n<p>E&amp;D Knowledge Consulting jest firm\u0105 konsultingow\u0105 i szkoleniow\u0105 specjalizuj\u0105c\u0105 si\u0119 we wspieraniu rozwoju kompetencji potrzebnych do promowania innowacji w biznesie, sektorze publicznym i spo\u0142ecznym. G\u0142\u00f3wne dzia\u0142ania E&amp;D koncentruj\u0105 si\u0119 na dostarczaniu mened\u017cerom i przedsi\u0119biorcom kompetencji, wiedzy i narz\u0119dzi potrzebnych do skutecznego wdra\u017cania i realizacji strategii innowacyjnych w ich organizacjach, a tak\u017ce do wspierania innowacji w ich otoczeniu.<br \/>\nE&amp;D specjalizuje si\u0119 we wspieraniu wprowadzania operacji innowacyjnych w organizacjach &#8211; od audyt\u00f3w innowacyjnych, poprzez wsparcie w definiowaniu i wdra\u017caniu strategii innowacyjnych, a\u017c po rozwijanie proces\u00f3w i mechanizm\u00f3w innowacyjnych dostosowanych do indywidualnych potrzeb organizacji. Szczeg\u00f3ln\u0105 uwag\u0119 zwraca na zapewnienie umiej\u0119tno\u015bci i kompetencji niezb\u0119dnych do skutecznego wprowadzania innowacji, zar\u00f3wno w\u015br\u00f3d lider\u00f3w i mened\u017cer\u00f3w, jak i pracownik\u00f3w.<br \/>\nPodczas gdy produkty E&amp;D s\u0105 indywidualnie definiowane w oparciu o specyficzne potrzeby ka\u017cdej organizacji, najbardziej zbli\u017cone tematy E&amp;D obejmuj\u0105:<br \/>\nBudowanie w\u0142a\u015bciwego zrozumienia innowacji w\u015br\u00f3d profesjonalist\u00f3w w sektorach nie- i niskotechnologicznych (szczeg\u00f3lnie w turystyce i hotelarstwie, sektorze rolno-spo\u017cywczym, przemys\u0142owym i us\u0142ugowym) oraz ich zdolno\u015bci do wdra\u017cania procesu innowacji i przekszta\u0142cania wysi\u0142k\u00f3w innowacyjnych w zysk (finansowy, a tak\u017ce spo\u0142eczny),<br \/>\nRozw\u00f3j i innowacyjno\u015b\u0107 modeli biznesowych, ze szczeg\u00f3lnym uwzgl\u0119dnieniem ich zastosowania do budowania odporno\u015bci na zmiany rynkowe oraz budowania zorientowanych na innowacje strategii zr\u00f3wnowa\u017conego rozwoju gospodarczego,<br \/>\nWsparcie proces\u00f3w tw\u00f3rczych i ideacji na rzecz innowacji,<br \/>\nRozw\u00f3j postawy innowacyjnej w\u015br\u00f3d jednostek i w ca\u0142ych organizacjach,<br \/>\nRozw\u00f3j mechanizm\u00f3w i kultury dla innowacji,<br \/>\nRozw\u00f3j przedsi\u0119biorczo\u015bci i umiej\u0119tno\u015bci mi\u0119kkich,<br \/>\nWsp\u00f3\u0142praca na rzecz innowacji (umiej\u0119tno\u015bci, mechanizmy i narz\u0119dzia budowania relacji i otwartych innowacji).<\/p>\n<p>Strona internetowa: <a href=\"http:\/\/www.ed-knowledgeconsulting.com\/\" target=\"_blank\" rel=\"noopener\">www.ed-knowledgeconsulting.com<\/a><\/p>\n<hr \/>\n<h3 class=\"alignnone wp-image-62 size-medium\" style=\"text-align: center;\"><img loading=\"lazy\" decoding=\"async\" class=\"alignnone wp-image-70 size-medium\" src=\"https:\/\/vois.erasmus.site\/wp-content\/uploads\/2022\/05\/university-zagreb-300x300.png\" alt=\"\" width=\"300\" height=\"300\" srcset=\"https:\/\/vois.erasmus.site\/wp-content\/uploads\/2022\/05\/university-zagreb.png 300w, https:\/\/vois.erasmus.site\/wp-content\/uploads\/2022\/05\/university-zagreb-150x150.png 150w\" sizes=\"(max-width: 300px) 100vw, 300px\" \/><br \/>\nUniwersytet w Zagrzebiu &#8211; Wydzia\u0142 Ekonomii i Biznesu<\/h3>\n<p>Wydzia\u0142 Ekonomii i Biznesu Uniwersytetu w Zagrzebiu zosta\u0142 za\u0142o\u017cony w 1920 roku, dlatego jest najstarsz\u0105 instytucj\u0105 szkolnictwa wy\u017cszego w zakresie ekonomii i biznesu w Republice Chorwacji, ale tak\u017ce w szerszym kontek\u015bcie mi\u0119dzynarodowym. Wydzia\u0142 Ekonomii i Biznesu Zagrzebia jest jednym z 31 sk\u0142adnik\u00f3w Uniwersytetu w Zagrzebiu, za\u0142o\u017conego w 1669 roku, kt\u00f3re pozycjonuj\u0105 go w grupie najstarszych uniwersytet\u00f3w w Europie. Na podstawie wynik\u00f3w dzia\u0142alno\u015bci gospodarczej, spo\u0142ecznej i politycznej, liczby obecnych student\u00f3w i cz\u0142onk\u00f3w stowarzyszenia absolwent\u00f3w, liczby i kompetencji profesor\u00f3w, wsp\u00f3\u0142pracownik\u00f3w i personelu towarzysz\u0105cego, wyr\u00f3\u017cnionych mi\u0119dzynarodowymi akredytacjami, a tak\u017ce wielu najlepszych ekonomist\u00f3w, mened\u017cer\u00f3w, przedsi\u0119biorc\u00f3w i polityk\u00f3w, Wydzia\u0142 Ekonomii i Biznesu w Zagrzebiu jest uznawany za wiod\u0105c\u0105 i najwi\u0119ksz\u0105 instytucj\u0119 edukacji ekonomicznej i biznesowej w Republice Chorwacji i szerszym regionie.<\/p>\n<p>Wydzia\u0142 Ekonomii i Biznesu w Zagrzebiu to spo\u0142eczno\u015b\u0107 260 profesor\u00f3w i wsp\u00f3\u0142pracownik\u00f3w, kt\u00f3rzy realizuj\u0105 programy studi\u00f3w i uczestnicz\u0105 w r\u00f3\u017cnych projektach badawczych. Opr\u00f3cz pracownik\u00f3w dydaktycznych, istnieje 115 pracownik\u00f3w nienauczycielskich przypisanych do profesjonalnych us\u0142ug Wydzia\u0142u. Obecnie na Wydziale uczy si\u0119 ponad 8.500 student\u00f3w na wszystkich poziomach nauczania, a ka\u017cdego roku oko\u0142o 1.500 student\u00f3w ko\u0144czy studia na r\u00f3\u017cnych programach studi\u00f3w.<\/p>\n<p>Wydzia\u0142 Ekonomii i Biznesu w Zagrzebiu jest posiadaczem krajowej akredytacji, podpisanej przez Chorwack\u0105 Agencj\u0119 Nauki i Szkolnictwa Wy\u017cszego oraz Ministerstwo Nauki i Edukacji Republiki Chorwacji, ale tak\u017ce dw\u00f3ch mi\u0119dzynarodowych akredytacji, akredytacji AACSB Business na poziomie instytucji oraz akredytacji EPAS dla programu studi\u00f3w w j\u0119zyku angielskim Bachelor Degree in Business.<\/p>\n<p>Strona internetowa: <a href=\"https:\/\/www.efzg.unizg.hr\/en\" target=\"_blank\" rel=\"noopener\">www.efzg.unizg.hr<\/a><\/p>","protected":false},"excerpt":{"rendered":"<p>assist Gesellschaft f\u00fcr Unternehmensberatung und Personalentwicklung mbH (assist GmbH) Assist GmbH jest \u015bredniej wielko\u015bci sp\u00f3\u0142k\u0105 z ograniczon\u0105 odpowiedzialno\u015bci\u0105 z siedzib\u0105 w Paderborn, w \u015brodkowych Niemczech. Firma oferuje szkolenia w zakresie umiej\u0119tno\u015bci komunikacyjnych, umiej\u0119tno\u015bci mi\u0119dzykulturowych, umiej\u0119tno\u015bci przyw\u00f3dczych, jak r\u00f3wnie\u017c umiej\u0119tno\u015bci trenerskich. Szczeg\u00f3ln\u0105 zalet\u0105 jest to, \u017ce assist GmbH mo\u017ce zaoferowa\u0107 rozw\u00f3j umiej\u0119tno\u015bci w wielu r\u00f3\u017cnych j\u0119zykach.&hellip;&nbsp;<a href=\"https:\/\/vois.erasmus.site\/pl\/partnership\/\" rel=\"bookmark\">Dowiedz si\u0119 wi\u0119cej &raquo;<span class=\"screen-reader-text\">Partnerstwo<\/span><\/a><\/p>\n","protected":false},"author":1,"featured_media":61,"parent":0,"menu_order":0,"comment_status":"closed","ping_status":"closed","template":"","meta":{"neve_meta_sidebar":"","neve_meta_container":"","neve_meta_enable_content_width":"off","neve_meta_content_width":100,"neve_meta_title_alignment":"","neve_meta_author_avatar":"","neve_post_elements_order":"","neve_meta_disable_header":"","neve_meta_disable_footer":"","neve_meta_disable_title":"","footnotes":""},"class_list":["post-56","page","type-page","status-publish","has-post-thumbnail","hentry"],"_links":{"self":[{"href":"https:\/\/vois.erasmus.site\/pl\/wp-json\/wp\/v2\/pages\/56","targetHints":{"allow":["GET"]}}],"collection":[{"href":"https:\/\/vois.erasmus.site\/pl\/wp-json\/wp\/v2\/pages"}],"about":[{"href":"https:\/\/vois.erasmus.site\/pl\/wp-json\/wp\/v2\/types\/page"}],"author":[{"embeddable":true,"href":"https:\/\/vois.erasmus.site\/pl\/wp-json\/wp\/v2\/users\/1"}],"replies":[{"embeddable":true,"href":"https:\/\/vois.erasmus.site\/pl\/wp-json\/wp\/v2\/comments?post=56"}],"version-history":[{"count":14,"href":"https:\/\/vois.erasmus.site\/pl\/wp-json\/wp\/v2\/pages\/56\/revisions"}],"predecessor-version":[{"id":180,"href":"https:\/\/vois.erasmus.site\/pl\/wp-json\/wp\/v2\/pages\/56\/revisions\/180"}],"wp:featuredmedia":[{"embeddable":true,"href":"https:\/\/vois.erasmus.site\/pl\/wp-json\/wp\/v2\/media\/61"}],"wp:attachment":[{"href":"https:\/\/vois.erasmus.site\/pl\/wp-json\/wp\/v2\/media?parent=56"}],"curies":[{"name":"wp","href":"https:\/\/api.w.org\/{rel}","templated":true}]}}