{"id":13,"date":"2022-05-26T07:50:02","date_gmt":"2022-05-26T07:50:02","guid":{"rendered":"https:\/\/vois.erasmus.site\/?page_id=13"},"modified":"2022-09-24T13:57:00","modified_gmt":"2022-09-24T13:57:00","slug":"home","status":"publish","type":"page","link":"https:\/\/vois.erasmus.site\/pt\/","title":{"rendered":"Home"},"content":{"rendered":"\t\t<div data-elementor-type=\"wp-page\" data-elementor-id=\"13\" class=\"elementor elementor-13\">\n\t\t\t\t\t\t<section class=\"elementor-section elementor-top-section elementor-element elementor-element-380685a elementor-section-height-min-height elementor-section-boxed elementor-section-height-default elementor-section-items-middle\" data-id=\"380685a\" data-element_type=\"section\" data-e-type=\"section\" data-settings=\"{&quot;background_background&quot;:&quot;classic&quot;}\">\n\t\t\t\t\t\t\t<div class=\"elementor-background-overlay\"><\/div>\n\t\t\t\t\t\t\t<div class=\"elementor-container elementor-column-gap-default\">\n\t\t\t\t\t<div class=\"elementor-column elementor-col-100 elementor-top-column elementor-element elementor-element-7fe1ac6\" data-id=\"7fe1ac6\" data-element_type=\"column\" data-e-type=\"column\">\n\t\t\t<div class=\"elementor-widget-wrap elementor-element-populated\">\n\t\t\t\t\t\t<div class=\"elementor-element elementor-element-5c0f030 elementor-widget elementor-widget-heading\" data-id=\"5c0f030\" data-element_type=\"widget\" data-e-type=\"widget\" data-widget_type=\"heading.default\">\n\t\t\t\t<div class=\"elementor-widget-container\">\n\t\t\t\t\t<h2 class=\"elementor-heading-title elementor-size-xxl\">\nVOIS - Ambiente Virtual de Inova\u00e7\u00e3o Aberta para PME's<\/h2>\t\t\t\t<\/div>\n\t\t\t\t<\/div>\n\t\t\t\t<div class=\"elementor-element elementor-element-31dd35b elementor-widget elementor-widget-text-editor\" data-id=\"31dd35b\" data-element_type=\"widget\" data-e-type=\"widget\" data-widget_type=\"text-editor.default\">\n\t\t\t\t<div class=\"elementor-widget-container\">\n\t\t\t\t\t\t\t\t\t<p><strong>N\u00famero de Projeto:\u00a0<\/strong> 2021-1-DE02-KA202-VET_000034201<br \/><strong>Per\u00edodo de Implementa\u00e7\u00e3o:<\/strong> 01.01.2022 \u2013 30.06.2024<br \/><strong>Programa de Fundos:<\/strong> Erasmus+<\/p>\t\t\t\t\t\t\t\t<\/div>\n\t\t\t\t<\/div>\n\t\t\t\t\t<\/div>\n\t\t<\/div>\n\t\t\t\t\t<\/div>\n\t\t<\/section>\n\t\t\t\t<section class=\"elementor-section elementor-top-section elementor-element elementor-element-73e814a elementor-section-height-min-height elementor-section-boxed elementor-section-height-default elementor-section-items-middle\" data-id=\"73e814a\" data-element_type=\"section\" data-e-type=\"section\">\n\t\t\t\t\t\t<div class=\"elementor-container elementor-column-gap-default\">\n\t\t\t\t\t<div class=\"elementor-column elementor-col-50 elementor-top-column elementor-element elementor-element-d02600f\" data-id=\"d02600f\" data-element_type=\"column\" data-e-type=\"column\">\n\t\t\t<div class=\"elementor-widget-wrap elementor-element-populated\">\n\t\t\t\t\t\t<div class=\"elementor-element elementor-element-2a571da elementor-widget elementor-widget-menu-anchor\" data-id=\"2a571da\" data-element_type=\"widget\" data-e-type=\"widget\" data-widget_type=\"menu-anchor.default\">\n\t\t\t\t<div class=\"elementor-widget-container\">\n\t\t\t\t\t\t\t<div class=\"elementor-menu-anchor\" id=\"about\"><\/div>\n\t\t\t\t\t\t<\/div>\n\t\t\t\t<\/div>\n\t\t\t\t<div class=\"elementor-element elementor-element-14a2569 elementor-widget elementor-widget-heading\" data-id=\"14a2569\" data-element_type=\"widget\" data-e-type=\"widget\" data-widget_type=\"heading.default\">\n\t\t\t\t<div class=\"elementor-widget-container\">\n\t\t\t\t\t<h2 class=\"elementor-heading-title elementor-size-default\">Sobre o Projeto<\/h2>\t\t\t\t<\/div>\n\t\t\t\t<\/div>\n\t\t\t\t<div class=\"elementor-element elementor-element-3b7591b elementor-widget elementor-widget-text-editor\" data-id=\"3b7591b\" data-element_type=\"widget\" data-e-type=\"widget\" data-widget_type=\"text-editor.default\">\n\t\t\t\t<div class=\"elementor-widget-container\">\n\t\t\t\t\t\t\t\t\t<p>Fatores como, a mudan\u00e7a das condi\u00e7\u00f5es do mercado, a digitaliza\u00e7\u00e3o e a imerg\u00eancia da Internet das Coisas, exigem das PMEs uma reinven\u00e7\u00e3o da sua proposta de valor para assegurar a sua sobreviv\u00eancia, muitas vezes amea\u00e7adas pela falta de capacidade de inovar e competir no mercado global. Atualmente, as compet\u00eancias de inova\u00e7\u00e3o aberta (IA), s\u00e3o raras nas PME e, se presentes, est\u00e3o normalmente limitadas aos sectores de alta tecnologia. A parceria VOIS desenvolveu um Ambiente Virtual de Inova\u00e7\u00e3o Aberta abrangente que permite \u00e0s PMEs melhorar eficazmente as suas compet\u00eancias de OI e a sua capacidade de implementar a inova\u00e7\u00e3o aberta nas suas empresas. Para este fim, o Ambiente Virtual de Inova\u00e7\u00e3o Aberta que prop\u00f5e 3 \u00e1reas espec\u00edficas com oportunidades para as PMEs melhorarem as suas compet\u00eancias: \u00c1rea 1 &#8211; \u00c1rea Organizacional, \u00c1rea 2 &#8211; \u00c1rea de Desenvolvimento Individual e \u00c1rea 3 &#8211; Reposit\u00f3rio de Inova\u00e7\u00e3o Aberta. O principal resultado do projeto consiste num Ambiente Virtual Integrado de Inova\u00e7\u00e3o Aberta com uma metodologia e ferramentas para capacitar os gestores das PMEs dos sectores Agro-alimentar e Bio-economia a envolverem-se e beneficiarem da inova\u00e7\u00e3o aberta, seguindo um programa de desenvolvimento modular abrangente (mais detalhes na sec\u00e7\u00e3o: Resultados).<\/p>\t\t\t\t\t\t\t\t<\/div>\n\t\t\t\t<\/div>\n\t\t\t\t\t<\/div>\n\t\t<\/div>\n\t\t\t\t<div class=\"elementor-column elementor-col-50 elementor-top-column elementor-element elementor-element-a97e803\" data-id=\"a97e803\" data-element_type=\"column\" data-e-type=\"column\">\n\t\t\t<div class=\"elementor-widget-wrap elementor-element-populated\">\n\t\t\t\t\t\t<div class=\"elementor-element elementor-element-5a027d2 elementor-widget elementor-widget-image\" data-id=\"5a027d2\" data-element_type=\"widget\" data-e-type=\"widget\" data-widget_type=\"image.default\">\n\t\t\t\t<div class=\"elementor-widget-container\">\n\t\t\t\t\t\t\t\t\t\t\t\t\t\t\t<img fetchpriority=\"high\" decoding=\"async\" width=\"1024\" height=\"683\" src=\"https:\/\/vois.erasmus.site\/wp-content\/uploads\/2022\/05\/woman-working-from-home-on-a-laptop-with-empty-screen-1024x683.jpg\" class=\"attachment-large size-large wp-image-47\" alt=\"\" srcset=\"https:\/\/vois.erasmus.site\/wp-content\/uploads\/2022\/05\/woman-working-from-home-on-a-laptop-with-empty-screen-1024x683.jpg 1024w, https:\/\/vois.erasmus.site\/wp-content\/uploads\/2022\/05\/woman-working-from-home-on-a-laptop-with-empty-screen-300x200.jpg 300w, https:\/\/vois.erasmus.site\/wp-content\/uploads\/2022\/05\/woman-working-from-home-on-a-laptop-with-empty-screen-768x512.jpg 768w, https:\/\/vois.erasmus.site\/wp-content\/uploads\/2022\/05\/woman-working-from-home-on-a-laptop-with-empty-screen-1536x1025.jpg 1536w, https:\/\/vois.erasmus.site\/wp-content\/uploads\/2022\/05\/woman-working-from-home-on-a-laptop-with-empty-screen-930x620.jpg 930w, https:\/\/vois.erasmus.site\/wp-content\/uploads\/2022\/05\/woman-working-from-home-on-a-laptop-with-empty-screen.jpg 2000w\" sizes=\"(max-width: 1024px) 100vw, 1024px\" \/>\t\t\t\t\t\t\t\t\t\t\t\t\t\t\t<\/div>\n\t\t\t\t<\/div>\n\t\t\t\t\t<\/div>\n\t\t<\/div>\n\t\t\t\t\t<\/div>\n\t\t<\/section>\n\t\t\t\t<section class=\"elementor-section elementor-top-section elementor-element elementor-element-62d078f elementor-section-boxed elementor-section-height-default elementor-section-height-default\" data-id=\"62d078f\" data-element_type=\"section\" data-e-type=\"section\">\n\t\t\t\t\t\t<div class=\"elementor-container elementor-column-gap-default\">\n\t\t\t\t\t<div class=\"elementor-column elementor-col-100 elementor-top-column elementor-element elementor-element-893157a\" data-id=\"893157a\" data-element_type=\"column\" data-e-type=\"column\">\n\t\t\t<div class=\"elementor-widget-wrap elementor-element-populated\">\n\t\t\t\t\t\t<div class=\"elementor-element elementor-element-f4c9929 elementor-widget elementor-widget-heading\" data-id=\"f4c9929\" data-element_type=\"widget\" data-e-type=\"widget\" data-widget_type=\"heading.default\">\n\t\t\t\t<div class=\"elementor-widget-container\">\n\t\t\t\t\t<h2 class=\"elementor-heading-title elementor-size-default\">Parceiros<\/h2>\t\t\t\t<\/div>\n\t\t\t\t<\/div>\n\t\t\t\t\t<\/div>\n\t\t<\/div>\n\t\t\t\t\t<\/div>\n\t\t<\/section>\n\t\t\t\t<section class=\"elementor-section elementor-top-section elementor-element elementor-element-2f946ac elementor-section-boxed elementor-section-height-default elementor-section-height-default\" data-id=\"2f946ac\" data-element_type=\"section\" data-e-type=\"section\">\n\t\t\t\t\t\t<div class=\"elementor-container elementor-column-gap-default\">\n\t\t\t\t\t<div class=\"elementor-column elementor-col-100 elementor-top-column elementor-element elementor-element-65511d4\" data-id=\"65511d4\" data-element_type=\"column\" data-e-type=\"column\">\n\t\t\t<div class=\"elementor-widget-wrap elementor-element-populated\">\n\t\t\t\t\t\t<div class=\"elementor-element elementor-element-a891685 elementor-arrows-position-inside elementor-pagination-position-outside elementor-widget elementor-widget-image-carousel\" data-id=\"a891685\" data-element_type=\"widget\" data-e-type=\"widget\" data-settings=\"{&quot;navigation&quot;:&quot;both&quot;,&quot;autoplay&quot;:&quot;yes&quot;,&quot;pause_on_hover&quot;:&quot;yes&quot;,&quot;pause_on_interaction&quot;:&quot;yes&quot;,&quot;autoplay_speed&quot;:5000,&quot;infinite&quot;:&quot;yes&quot;,&quot;speed&quot;:500}\" data-widget_type=\"image-carousel.default\">\n\t\t\t\t<div class=\"elementor-widget-container\">\n\t\t\t\t\t\t\t<div class=\"elementor-image-carousel-wrapper swiper\" role=\"region\" aria-roledescription=\"carousel\" aria-label=\"Carrossel de imagens\" dir=\"ltr\">\n\t\t\t<div class=\"elementor-image-carousel swiper-wrapper\" aria-live=\"off\">\n\t\t\t\t\t\t\t\t<div class=\"swiper-slide\" role=\"group\" aria-roledescription=\"slide\" aria-label=\"1 of 7\"><figure class=\"swiper-slide-inner\"><img decoding=\"async\" class=\"swiper-slide-image\" src=\"https:\/\/vois.erasmus.site\/wp-content\/uploads\/2022\/05\/university-zagreb-300x300.png\" alt=\"university zagreb\" \/><\/figure><\/div><div class=\"swiper-slide\" role=\"group\" aria-roledescription=\"slide\" aria-label=\"2 of 7\"><figure class=\"swiper-slide-inner\"><img decoding=\"async\" class=\"swiper-slide-image\" src=\"https:\/\/vois.erasmus.site\/wp-content\/uploads\/2022\/05\/ed-300x300.png\" alt=\"ed\" \/><\/figure><\/div><div class=\"swiper-slide\" role=\"group\" aria-roledescription=\"slide\" aria-label=\"3 of 7\"><figure class=\"swiper-slide-inner\"><img decoding=\"async\" class=\"swiper-slide-image\" src=\"https:\/\/vois.erasmus.site\/wp-content\/uploads\/2022\/05\/lut-300x300.png\" alt=\"lut\" \/><\/figure><\/div><div class=\"swiper-slide\" role=\"group\" aria-roledescription=\"slide\" aria-label=\"4 of 7\"><figure class=\"swiper-slide-inner\"><img decoding=\"async\" class=\"swiper-slide-image\" src=\"https:\/\/vois.erasmus.site\/wp-content\/uploads\/2022\/05\/cwep-300x300.png\" alt=\"cwep\" \/><\/figure><\/div><div class=\"swiper-slide\" role=\"group\" aria-roledescription=\"slide\" aria-label=\"5 of 7\"><figure class=\"swiper-slide-inner\"><img decoding=\"async\" class=\"swiper-slide-image\" src=\"https:\/\/vois.erasmus.site\/wp-content\/uploads\/2022\/05\/hp-300x300.png\" alt=\"hp\" \/><\/figure><\/div><div class=\"swiper-slide\" role=\"group\" aria-roledescription=\"slide\" aria-label=\"6 of 7\"><figure class=\"swiper-slide-inner\"><img decoding=\"async\" class=\"swiper-slide-image\" src=\"https:\/\/vois.erasmus.site\/wp-content\/uploads\/2022\/05\/assist-300x300.png\" alt=\"assist\" \/><\/figure><\/div><div class=\"swiper-slide\" role=\"group\" aria-roledescription=\"slide\" aria-label=\"7 of 7\"><figure class=\"swiper-slide-inner\"><img decoding=\"async\" class=\"swiper-slide-image\" src=\"https:\/\/vois.erasmus.site\/wp-content\/uploads\/2022\/08\/heraklion-300x300.png\" alt=\"heraklion\" \/><\/figure><\/div>\t\t\t<\/div>\n\t\t\t\t\t\t\t\t\t\t\t\t<div class=\"elementor-swiper-button elementor-swiper-button-prev\" role=\"button\" tabindex=\"0\">\n\t\t\t\t\t\t<i aria-hidden=\"true\" class=\"eicon-chevron-left\"><\/i>\t\t\t\t\t<\/div>\n\t\t\t\t\t<div class=\"elementor-swiper-button elementor-swiper-button-next\" role=\"button\" tabindex=\"0\">\n\t\t\t\t\t\t<i aria-hidden=\"true\" class=\"eicon-chevron-right\"><\/i>\t\t\t\t\t<\/div>\n\t\t\t\t\n\t\t\t\t\t\t\t\t\t<div class=\"swiper-pagination\"><\/div>\n\t\t\t\t\t\t\t\t\t<\/div>\n\t\t\t\t\t\t<\/div>\n\t\t\t\t<\/div>\n\t\t\t\t\t<\/div>\n\t\t<\/div>\n\t\t\t\t\t<\/div>\n\t\t<\/section>\n\t\t\t\t<\/div>\n\t\t","protected":false},"excerpt":{"rendered":"<p>VOIS &#8211; Ambiente Virtual de Inova\u00e7\u00e3o Aberta para PME&#8217;s N\u00famero de Projeto:\u00a0 2021-1-DE02-KA202-VET_000034201Per\u00edodo de Implementa\u00e7\u00e3o: 01.01.2022 \u2013 30.06.2024Programa de Fundos: Erasmus+ Sobre o Projeto Fatores como, a mudan\u00e7a das condi\u00e7\u00f5es do mercado, a digitaliza\u00e7\u00e3o e a imerg\u00eancia da Internet das Coisas, exigem das PMEs uma reinven\u00e7\u00e3o da sua proposta de valor para assegurar a sua&hellip;&nbsp;<a href=\"https:\/\/vois.erasmus.site\/pt\/\" rel=\"bookmark\">Ler mais &raquo;<span class=\"screen-reader-text\">Home<\/span><\/a><\/p>\n","protected":false},"author":1,"featured_media":0,"parent":0,"menu_order":0,"comment_status":"closed","ping_status":"closed","template":"page-templates\/template-pagebuilder-full-width.php","meta":{"neve_meta_sidebar":"","neve_meta_container":"","neve_meta_enable_content_width":"off","neve_meta_content_width":100,"neve_meta_title_alignment":"","neve_meta_author_avatar":"","neve_post_elements_order":"","neve_meta_disable_header":"","neve_meta_disable_footer":"","neve_meta_disable_title":"on","footnotes":""},"class_list":["post-13","page","type-page","status-publish","hentry"],"_links":{"self":[{"href":"https:\/\/vois.erasmus.site\/pt\/wp-json\/wp\/v2\/pages\/13","targetHints":{"allow":["GET"]}}],"collection":[{"href":"https:\/\/vois.erasmus.site\/pt\/wp-json\/wp\/v2\/pages"}],"about":[{"href":"https:\/\/vois.erasmus.site\/pt\/wp-json\/wp\/v2\/types\/page"}],"author":[{"embeddable":true,"href":"https:\/\/vois.erasmus.site\/pt\/wp-json\/wp\/v2\/users\/1"}],"replies":[{"embeddable":true,"href":"https:\/\/vois.erasmus.site\/pt\/wp-json\/wp\/v2\/comments?post=13"}],"version-history":[{"count":79,"href":"https:\/\/vois.erasmus.site\/pt\/wp-json\/wp\/v2\/pages\/13\/revisions"}],"predecessor-version":[{"id":188,"href":"https:\/\/vois.erasmus.site\/pt\/wp-json\/wp\/v2\/pages\/13\/revisions\/188"}],"wp:attachment":[{"href":"https:\/\/vois.erasmus.site\/pt\/wp-json\/wp\/v2\/media?parent=13"}],"curies":[{"name":"wp","href":"https:\/\/api.w.org\/{rel}","templated":true}]}}