{"id":51,"date":"2022-05-26T09:52:17","date_gmt":"2022-05-26T09:52:17","guid":{"rendered":"https:\/\/vois.erasmus.site\/?page_id=51"},"modified":"2024-05-07T08:37:35","modified_gmt":"2024-05-07T08:37:35","slug":"results","status":"publish","type":"page","link":"https:\/\/vois.erasmus.site\/pt\/results\/","title":{"rendered":"Resultados"},"content":{"rendered":"<p>Os objetivos do projeto s\u00e3o alcan\u00e7ados atrav\u00e9s do desenvolvimento de um resultado principal<\/p>\n<p><strong><a class=\"custom-button\" href=\"https:\/\/vois.erasmus.site\/platform\/\" target=\"_blank\" rel=\"noopener\">Ambiente Virtual de Inova\u00e7\u00e3o Aberta<\/a><\/strong> \u00e9 uma plataforma complexa que integra ferramentas para a constru\u00e7\u00e3o de compet\u00eancias profissionais na \u00e1rea da inova\u00e7\u00e3o aberta entre os gestores no sector agro-alimentar, bem como no sector da bio-economia e visar\u00e1 diretamente a necessidade de desenvolvimento de compet\u00eancias orientadas para a a\u00e7\u00e3o. Oferece uma solu\u00e7\u00e3o \u00fanica com 3 \u00e1reas espec\u00edficas que abordam diferentes aspetos da prepara\u00e7\u00e3o, a fim de enfrentar os desafios da inova\u00e7\u00e3o aberta:<br \/>\n&#8211; \u00c1rea 1: Capacita\u00e7\u00e3o para Inova\u00e7\u00e3o Aberta Organizacional centrada em estrat\u00e9gias\/metodologias de inova\u00e7\u00e3o aberta para PMEs e capacita\u00e7\u00e3o dos participantes para as conceber e implementar nas suas organiza\u00e7\u00f5es<\/p>\n<p><a class=\"btn btn-primary\" href=\"https:\/\/vois.erasmus.site\/platform\/modules\/1\/\">Aberto<\/a><\/p>\n<p>&#8211; \u00c1rea 2: \u00c1rea para o Desenvolvimento de Gestores centrada no desenvolvimento de Compet\u00eancias individuais de Inova\u00e7\u00e3o Aberta necess\u00e1rias \u00e0 gest\u00e3o de atividades no \u00e2mbito da inova\u00e7\u00e3o aberta.<\/p>\n<p><a class=\"btn btn-primary\" href=\"https:\/\/vois.erasmus.site\/platform\/modules\/2\/\">Aberto<\/a><\/p>\n<p>&#8211; \u00c1rea 3: Reposit\u00f3rio de inova\u00e7\u00e3o aberta &#8211; uma base de dados sobre instrumentos de recolha de inova\u00e7\u00e3o aberta j\u00e1 dispon\u00edveis e medidas de apoio \u00e0s PME. Abrange o sector alvo em todos os pa\u00edses envolvidos e a n\u00edvel da UE.<\/p>\n<p><a class=\"btn btn-primary\" href=\"https:\/\/vois.erasmus.site\/platform\/repository\">Aberto<\/a><\/p>","protected":false},"excerpt":{"rendered":"<p>Os objetivos do projeto s\u00e3o alcan\u00e7ados atrav\u00e9s do desenvolvimento de um resultado principal Ambiente Virtual de Inova\u00e7\u00e3o Aberta \u00e9 uma plataforma complexa que integra ferramentas para a constru\u00e7\u00e3o de compet\u00eancias profissionais na \u00e1rea da inova\u00e7\u00e3o aberta entre os gestores no sector agro-alimentar, bem como no sector da bio-economia e visar\u00e1 diretamente a necessidade de desenvolvimento&hellip;&nbsp;<a href=\"https:\/\/vois.erasmus.site\/pt\/results\/\" rel=\"bookmark\">Ler mais &raquo;<span class=\"screen-reader-text\">Resultados<\/span><\/a><\/p>\n","protected":false},"author":1,"featured_media":18,"parent":0,"menu_order":0,"comment_status":"closed","ping_status":"closed","template":"","meta":{"neve_meta_sidebar":"","neve_meta_container":"","neve_meta_enable_content_width":"off","neve_meta_content_width":100,"neve_meta_title_alignment":"","neve_meta_author_avatar":"","neve_post_elements_order":"","neve_meta_disable_header":"","neve_meta_disable_footer":"","neve_meta_disable_title":"","footnotes":""},"class_list":["post-51","page","type-page","status-publish","has-post-thumbnail","hentry"],"_links":{"self":[{"href":"https:\/\/vois.erasmus.site\/pt\/wp-json\/wp\/v2\/pages\/51","targetHints":{"allow":["GET"]}}],"collection":[{"href":"https:\/\/vois.erasmus.site\/pt\/wp-json\/wp\/v2\/pages"}],"about":[{"href":"https:\/\/vois.erasmus.site\/pt\/wp-json\/wp\/v2\/types\/page"}],"author":[{"embeddable":true,"href":"https:\/\/vois.erasmus.site\/pt\/wp-json\/wp\/v2\/users\/1"}],"replies":[{"embeddable":true,"href":"https:\/\/vois.erasmus.site\/pt\/wp-json\/wp\/v2\/comments?post=51"}],"version-history":[{"count":11,"href":"https:\/\/vois.erasmus.site\/pt\/wp-json\/wp\/v2\/pages\/51\/revisions"}],"predecessor-version":[{"id":289,"href":"https:\/\/vois.erasmus.site\/pt\/wp-json\/wp\/v2\/pages\/51\/revisions\/289"}],"wp:featuredmedia":[{"embeddable":true,"href":"https:\/\/vois.erasmus.site\/pt\/wp-json\/wp\/v2\/media\/18"}],"wp:attachment":[{"href":"https:\/\/vois.erasmus.site\/pt\/wp-json\/wp\/v2\/media?parent=51"}],"curies":[{"name":"wp","href":"https:\/\/api.w.org\/{rel}","templated":true}]}}